{"id":2,"date":"2022-01-25T17:28:55","date_gmt":"2022-01-25T17:28:55","guid":{"rendered":"http:\/\/academiabrujalunar.com\/?page_id=2"},"modified":"2022-02-28T20:44:55","modified_gmt":"2022-02-28T20:44:55","slug":"pagina-ejemplo","status":"publish","type":"page","link":"https:\/\/academiabrujalunar.com\/","title":{"rendered":"Academia Bruja Lunar"},"content":{"rendered":"\n<div class=\"wp-block-nextend-smartslider3\"><\/div>\n\n\n\n<div class=\"wp-block-media-text is-stacked-on-mobile is-vertically-aligned-center\" style=\"grid-template-columns:40% auto\"><figure class=\"wp-block-media-text__media\"><img loading=\"lazy\" decoding=\"async\" width=\"375\" height=\"666\" src=\"https:\/\/academiabrujalunar.com\/wp-content\/uploads\/2022\/02\/Hoy_en_vivo_Arcanos_mayores_15_hrs___Hora_de_Argentina____3_-removebg-preview.png\" alt=\"\" class=\"wp-image-291 size-full\" srcset=\"https:\/\/academiabrujalunar.com\/wp-content\/uploads\/2022\/02\/Hoy_en_vivo_Arcanos_mayores_15_hrs___Hora_de_Argentina____3_-removebg-preview.png 375w, https:\/\/academiabrujalunar.com\/wp-content\/uploads\/2022\/02\/Hoy_en_vivo_Arcanos_mayores_15_hrs___Hora_de_Argentina____3_-removebg-preview-169x300.png 169w\" sizes=\"auto, (max-width: 375px) 100vw, 375px\" \/><\/figure><div class=\"wp-block-media-text__content\">\n<blockquote class=\"wp-block-quote has-text-align-center is-style-default has-medium-font-size is-layout-flow wp-block-quote-is-layout-flow\"><p><em>He creado esta Academia con el fin de acompa\u00f1arte en este m\u00e1gico mundo, ya sea que est\u00e9s dando tus primeros pasos o que lleves tiempo en la magia podr\u00e1s encontrar formaciones acorde a tus necesidades y expectativas.<\/em><\/p><cite>Mailen Costa <\/cite><\/blockquote>\n<\/div><\/div>\n\n\n\n<div class=\"wp-block-nextend-smartslider3\"><\/div>\n<!-- AddThis Advanced Settings generic via filter on the_content --><!-- AddThis Share Buttons generic via filter on the_content -->","protected":false},"excerpt":{"rendered":"<p>He creado esta Academia con el fin de acompa\u00f1arte en este m\u00e1gico mundo, ya sea que est\u00e9s dando tus primeros pasos o que lleves tiempo en la magia podr\u00e1s encontrar formaciones acorde a tus necesidades y expectativas. Mailen Costa<!-- AddThis Advanced Settings generic via filter on get_the_excerpt --><!-- AddThis Share Buttons generic via filter on get_the_excerpt --><\/p>\n","protected":false},"author":1,"featured_media":0,"parent":0,"menu_order":0,"comment_status":"closed","ping_status":"open","template":"","meta":{"om_disable_all_campaigns":false,"_mi_skip_tracking":false,"spay_email":"","footnotes":""},"class_list":["post-2","page","type-page","status-publish","hentry"],"_links":{"self":[{"href":"https:\/\/academiabrujalunar.com\/index.php\/wp-json\/wp\/v2\/pages\/2","targetHints":{"allow":["GET"]}}],"collection":[{"href":"https:\/\/academiabrujalunar.com\/index.php\/wp-json\/wp\/v2\/pages"}],"about":[{"href":"https:\/\/academiabrujalunar.com\/index.php\/wp-json\/wp\/v2\/types\/page"}],"author":[{"embeddable":true,"href":"https:\/\/academiabrujalunar.com\/index.php\/wp-json\/wp\/v2\/users\/1"}],"replies":[{"embeddable":true,"href":"https:\/\/academiabrujalunar.com\/index.php\/wp-json\/wp\/v2\/comments?post=2"}],"version-history":[{"count":13,"href":"https:\/\/academiabrujalunar.com\/index.php\/wp-json\/wp\/v2\/pages\/2\/revisions"}],"predecessor-version":[{"id":861,"href":"https:\/\/academiabrujalunar.com\/index.php\/wp-json\/wp\/v2\/pages\/2\/revisions\/861"}],"wp:attachment":[{"href":"https:\/\/academiabrujalunar.com\/index.php\/wp-json\/wp\/v2\/media?parent=2"}],"curies":[{"name":"wp","href":"https:\/\/api.w.org\/{rel}","templated":true}]}}