{"id":1070,"date":"2022-12-17T14:50:09","date_gmt":"2022-12-17T14:50:09","guid":{"rendered":"https:\/\/academiabrujalunar.com\/index.php\/producto\/crema-de-rostro-afrodita\/"},"modified":"2023-07-21T02:18:31","modified_gmt":"2023-07-21T02:18:31","slug":"crema-de-rostro-afrodita","status":"publish","type":"product","link":"https:\/\/academiabrujalunar.com\/index.php\/producto\/crema-de-rostro-afrodita\/","title":{"rendered":"Crema de rostro Afrodita"},"content":{"rendered":"<p>La crema de rostro Afrodita es ideal para tratar l\u00edneas de expresi\u00f3n, arrugas, cicatrices y zonas de la piel secas, irritadas o con ros\u00e1cea.<br \/>\nEs un producto totalmente natural que no contiene crema base, glicerina ni ning\u00fan tipo de silicona.<\/p>\n<p>Como toda nuestra l\u00ednea de cremas, los ingredientes est\u00e1n pensados tanto desde lo medicinal como desde lo energ\u00e9tico.<\/p>\n<p>Esta crema de rostro contiene:<\/p>\n<p>-Rosa mosqueta para nutrir e hidratar la piel. Sus componentes ayudan a reparar el tejido da\u00f1ado, adem\u00e1s favorecen la s\u00edntesis de fibras como el col\u00e1geno y la elastina responsables de la firmeza y elasticidad de la piel. Tambi\u00e9n favorece la absorci\u00f3n de nutrientes, ayuda atenuar cicatrices y marcas. Previene el acn\u00e9.<\/p>\n<p>-Cal\u00e9ndula la cual nutre e hidrata la piel, favorece la cicatrizaci\u00f3n y la renovaci\u00f3n celular, por sus propiedades esta indicado en el tratamiento de ros\u00e1cea y dermatitis.<\/p>\n<p>-Manzanilla nutre e hidrata la piel, ayuda a descongestionar y devolverle un aspecto saludable a la zona sobre la que se aplica, favorece la regeneraci\u00f3n celular, ayuda a quitar manchas, previene el acn\u00e9 y la elasticidad de la piel.<\/p>\n<p>La crema de rostro Afrodita es apta vegan, apta para celiacos e hipoalerg\u00e9nica.<br \/>\nSi tienes una piel con tendencia grasa, te recomendamos la <a href=\"https:\/\/brujerlunar.com\/producto\/crema-de-rostro-sirena\/\">crema de rostro sirena<\/a>.<\/p>\n<!-- AddThis Advanced Settings generic via filter on the_content --><!-- AddThis Share Buttons generic via filter on the_content -->","protected":false},"excerpt":{"rendered":"<p>La crema de rostro Afrodita es ideal para tratar l\u00edneas de expresi\u00f3n, arrugas, cicatrices y zonas de la piel secas, irritadas o con ros\u00e1cea. Es un producto totalmente natural que no contiene crema base, glicerina ni ning\u00fan tipo de silicona. Como toda nuestra l\u00ednea de cremas, los ingredientes est\u00e1n pensados tanto desde lo medicinal como [&hellip;]<!-- AddThis Advanced Settings generic via filter on get_the_excerpt --><!-- AddThis Share Buttons generic via filter on get_the_excerpt --><\/p>\n","protected":false},"featured_media":0,"comment_status":"open","ping_status":"closed","template":"","meta":{"om_disable_all_campaigns":false,"_mi_skip_tracking":false,"spay_email":"","jetpack_publicize_message":"","jetpack_is_tweetstorm":false,"jetpack_publicize_feature_enabled":true},"product_cat":[24],"product_tag":[],"class_list":["post-1070","product","type-product","status-publish","hentry","product_cat-sin-categorizar"],"_links":{"self":[{"href":"https:\/\/academiabrujalunar.com\/index.php\/wp-json\/wp\/v2\/product\/1070","targetHints":{"allow":["GET"]}}],"collection":[{"href":"https:\/\/academiabrujalunar.com\/index.php\/wp-json\/wp\/v2\/product"}],"about":[{"href":"https:\/\/academiabrujalunar.com\/index.php\/wp-json\/wp\/v2\/types\/product"}],"replies":[{"embeddable":true,"href":"https:\/\/academiabrujalunar.com\/index.php\/wp-json\/wp\/v2\/comments?post=1070"}],"wp:attachment":[{"href":"https:\/\/academiabrujalunar.com\/index.php\/wp-json\/wp\/v2\/media?parent=1070"}],"wp:term":[{"taxonomy":"product_cat","embeddable":true,"href":"https:\/\/academiabrujalunar.com\/index.php\/wp-json\/wp\/v2\/product_cat?post=1070"},{"taxonomy":"product_tag","embeddable":true,"href":"https:\/\/academiabrujalunar.com\/index.php\/wp-json\/wp\/v2\/product_tag?post=1070"}],"curies":[{"name":"wp","href":"https:\/\/api.w.org\/{rel}","templated":true}]}}