{"id":1074,"date":"2022-12-17T14:50:09","date_gmt":"2022-12-17T14:50:09","guid":{"rendered":"https:\/\/academiabrujalunar.com\/index.php\/producto\/agua-micelar\/"},"modified":"2023-07-20T09:05:40","modified_gmt":"2023-07-20T09:05:40","slug":"agua-micelar","status":"publish","type":"product","link":"https:\/\/academiabrujalunar.com\/index.php\/producto\/agua-micelar\/","title":{"rendered":"Agua Micelar"},"content":{"rendered":"<p>El agua micelar es una loci\u00f3n que tiene m\u00faltiples funciones, su f\u00f3rmula se basa en las micelas, unas mol\u00e9culas que tienen la capacidad de atraer y atrapar toda la suciedad, la grasa y el sebo de la piel. Estas mol\u00e9culas cuentan con una estructura bipolar la cual posibilita atraer todas las part\u00edculas de grasa y suciedad, aislarlas y eliminarlas.<br \/>\nSe utiliza como desmaquillante y\u00a0 limpiador facial ya que gracias a sus propiedades quita el maquillaje mas dif\u00edcil cuidando las zonas sensibles del rostro como ser el contorno de ojos.<br \/>\nTambi\u00e9n puede vaporizarse a lo largo del d\u00eda para mantener la piel hidrata, tonificada y fresca.<\/p>\n<p>Entre sus ingredientes principales destacan :<\/p>\n<p>-Agua de Rosas: favorece la regeneraci\u00f3n celular, ayudando a reparar zonas de la piel con cicatrices o marcas. Es muy hidratante y gracias a que sus mol\u00e9culas son peque\u00f1as penetra f\u00e1cilmente en la piel, incluso en las capaz mas profundas, esto tambi\u00e9n ayuda a prevenir lineas de expresi\u00f3n. Adem\u00e1s ayuda a regular el ph de la piel, lo cual evita que se desbalance la producci\u00f3n de grasitud, previene la aparici\u00f3n de acn\u00e9 y de dermatitis. Debido a estas numerosas propiedades se aconseja su uso en personas que padecen ros\u00e1cea.<\/p>\n<p>-Aceite de Jojoba: hidrata la piel en profundidad. Gracias a los \u00e1cidos grasos insaturados que posee favorece la regeneraci\u00f3n celular y ayuda a mantener la hidrataci\u00f3n natural de la piel. Posee un alto contenido de antioxidantes que ayudan a neutralizar los radicales libres. Aporta elasticidad y firmeza.<\/p>\n<p>-Aceite de C\u00e1lendula: nutre e hidrata la piel, favorece la cicatrizaci\u00f3n y la renovaci\u00f3n celular. Por sus propiedades esta indicado en el tratamiento de ros\u00e1cea y dermatitis. Es una de las hierbas mas utilizadas para el cuidado de la piel por su r\u00e1pido efecto. Adem\u00e1s su cantidad de activos entre los que destacan antioxidantes como la vitamina e, eliminan los radicales libres y le devuelven estructura y sost\u00e9n a la piel. Energ\u00e9ticamente la cal\u00e9ndula trabaja el poder de creaci\u00f3n, nos conecta con nuestro propio poder de materializar aquello que deseamos para nuestra vida.<\/p>\n<p>-Vitamina E : es antioxidante previene el envejecimiento de la piel, favorece la regeneraci\u00f3n celular y la elasticidad.<\/p>\n<p>-Aceite de uva: ayuda en el rejuvenecimiento d\u00e9rmico, previene y disimula manchas, hidrata y suaviza la piel. Ayuda a disminuir las l\u00edneas de expresi\u00f3n.<\/p>\n<p>-Ricino: ayuda a limpiar la piel, purific\u00e1ndola en profundidad.<\/p>\n<p>-Esencial de rosa mosqueta y t\u00e9 verde: equilibran el sebo de la piel, son antioxidantes y regeneradores.<\/p>\n<p>El agua micelar es muy suave e hipoalerg\u00e9nica, por lo que es apta para todo tipo de pieles, incluso para las m\u00e1s sensibles. No contiene alcohol ni parabenos, respeta al m\u00e1ximo el pH original de la piel y no causa irritaciones.<\/p>\n<p>Sin tacc. Libre de qu\u00edmicos nocivos. Amigables con el medioambiente. Libre de maltrato animal<\/p>\n<!-- AddThis Advanced Settings generic via filter on the_content --><!-- AddThis Share Buttons generic via filter on the_content -->","protected":false},"excerpt":{"rendered":"[contact-form][contact-field label=&#8221;Nombre&#8221; type=&#8221;name&#8221;  required=&#8221;true&#8221; \/][contact-field label=&#8221;Correo electr\u00f3nico&#8221; type=&#8221;email&#8221; required=&#8221;true&#8221; \/][contact-field label=&#8221;Web&#8221; type=&#8221;url&#8221; \/][contact-field label=&#8221;Mensaje&#8221; type=&#8221;textarea&#8221; \/][\/contact-form]\n<p>Nuestra agua micelar contiene hidrolatos y aceites org\u00e1nicos,\u00a0 esenciales y extractos vegetales.<\/p>\n<p>Limpia, descongestiona y purifica la piel , hidrat\u00e1ndola y regener\u00e1ndola en profundidad.<\/p>\n<p>El agua micelar es muy suave e hipoalerg\u00e9nica, por lo que es apta para todo tipo de pieles, incluso para las m\u00e1s sensibles. No contiene alcohol ni parabenos, respeta al m\u00e1ximo el pH original de la piel y no causa irritaciones. Sin tacc. Libre de qu\u00edmicos nocivos. Amigables con el medioambiente. Libre de maltrato animal<\/p>\n<p>&nbsp;<!-- AddThis Advanced Settings generic via filter on get_the_excerpt --><!-- AddThis Share Buttons generic via filter on get_the_excerpt --><\/p>\n","protected":false},"featured_media":0,"comment_status":"open","ping_status":"closed","template":"","meta":{"om_disable_all_campaigns":false,"_mi_skip_tracking":false,"spay_email":"","jetpack_publicize_message":"","jetpack_is_tweetstorm":false,"jetpack_publicize_feature_enabled":true},"product_cat":[24],"product_tag":[],"class_list":["post-1074","product","type-product","status-publish","hentry","product_cat-sin-categorizar"],"_links":{"self":[{"href":"https:\/\/academiabrujalunar.com\/index.php\/wp-json\/wp\/v2\/product\/1074","targetHints":{"allow":["GET"]}}],"collection":[{"href":"https:\/\/academiabrujalunar.com\/index.php\/wp-json\/wp\/v2\/product"}],"about":[{"href":"https:\/\/academiabrujalunar.com\/index.php\/wp-json\/wp\/v2\/types\/product"}],"replies":[{"embeddable":true,"href":"https:\/\/academiabrujalunar.com\/index.php\/wp-json\/wp\/v2\/comments?post=1074"}],"wp:attachment":[{"href":"https:\/\/academiabrujalunar.com\/index.php\/wp-json\/wp\/v2\/media?parent=1074"}],"wp:term":[{"taxonomy":"product_cat","embeddable":true,"href":"https:\/\/academiabrujalunar.com\/index.php\/wp-json\/wp\/v2\/product_cat?post=1074"},{"taxonomy":"product_tag","embeddable":true,"href":"https:\/\/academiabrujalunar.com\/index.php\/wp-json\/wp\/v2\/product_tag?post=1074"}],"curies":[{"name":"wp","href":"https:\/\/api.w.org\/{rel}","templated":true}]}}