{"id":1075,"date":"2022-12-17T14:50:09","date_gmt":"2022-12-17T14:50:09","guid":{"rendered":"https:\/\/academiabrujalunar.com\/index.php\/producto\/aceite-de-jojoba\/"},"modified":"2023-07-20T06:12:24","modified_gmt":"2023-07-20T06:12:24","slug":"aceite-de-jojoba","status":"publish","type":"product","link":"https:\/\/academiabrujalunar.com\/index.php\/producto\/aceite-de-jojoba\/","title":{"rendered":"Aceite de Jojoba"},"content":{"rendered":"<p>El aceite de jojoba es uno de los m\u00e1s utilizado en cosm\u00e9tica natural por sus incre\u00edbles propiedades. Adem\u00e1s al ser 100% natural, sin agregados de siliconas ni ftalatos, los principios activos se absorben en su totalidad.<\/p>\n<p>Propiedades para el cabello: nutre la fibra capilar ayudando a su regeneraci\u00f3n. Gracias a su bajo peso molecular penetra profundamente, restaurando el cabello desde la ra\u00edz. Es apto para cabellos grasos, ya que regula producci\u00f3n de sebo. Adem\u00e1s es \u00fatil para prevenir la ca\u00edda del cabello.<\/p>\n<p>Propiedades para la piel: hidrata en profundidad, gracias a los \u00e1cidos grasos insaturados que posee favorece la regeneraci\u00f3n celular y ayuda a mantener la hidrataci\u00f3n natural de la piel. Posee un alto contenido de antioxidantes que ayudan a neutralizar los radicales libres. Aporta elasticidad y firmeza. Pueden utilizarlo personas con piel grasa as\u00ed como con tendencia al acn\u00e9, ya que regula la producci\u00f3n de grasitud.<\/p>\n<p>El aceite de jojoba es un gran aliado en el cuidado consciente.<\/p>\n<!-- AddThis Advanced Settings generic via filter on the_content --><!-- AddThis Share Buttons generic via filter on the_content -->","protected":false},"excerpt":{"rendered":"<p>El aceite de jojoba es uno de los m\u00e1s utilizado en cosm\u00e9tica natural por sus incre\u00edbles propiedades. Adem\u00e1s al ser 100% natural, sin agregados de siliconas ni ftalatos, los principios activos se absorben en su totalidad. Propiedades para el cabello: nutre la fibra capilar ayudando a su regeneraci\u00f3n. Gracias a su bajo peso molecular penetra [&hellip;]<!-- AddThis Advanced Settings generic via filter on get_the_excerpt --><!-- AddThis Share Buttons generic via filter on get_the_excerpt --><\/p>\n","protected":false},"featured_media":0,"comment_status":"open","ping_status":"closed","template":"","meta":{"om_disable_all_campaigns":false,"_mi_skip_tracking":false,"spay_email":"","jetpack_publicize_message":"","jetpack_is_tweetstorm":false,"jetpack_publicize_feature_enabled":true},"product_cat":[24],"product_tag":[],"class_list":["post-1075","product","type-product","status-publish","hentry","product_cat-sin-categorizar"],"_links":{"self":[{"href":"https:\/\/academiabrujalunar.com\/index.php\/wp-json\/wp\/v2\/product\/1075","targetHints":{"allow":["GET"]}}],"collection":[{"href":"https:\/\/academiabrujalunar.com\/index.php\/wp-json\/wp\/v2\/product"}],"about":[{"href":"https:\/\/academiabrujalunar.com\/index.php\/wp-json\/wp\/v2\/types\/product"}],"replies":[{"embeddable":true,"href":"https:\/\/academiabrujalunar.com\/index.php\/wp-json\/wp\/v2\/comments?post=1075"}],"wp:attachment":[{"href":"https:\/\/academiabrujalunar.com\/index.php\/wp-json\/wp\/v2\/media?parent=1075"}],"wp:term":[{"taxonomy":"product_cat","embeddable":true,"href":"https:\/\/academiabrujalunar.com\/index.php\/wp-json\/wp\/v2\/product_cat?post=1075"},{"taxonomy":"product_tag","embeddable":true,"href":"https:\/\/academiabrujalunar.com\/index.php\/wp-json\/wp\/v2\/product_tag?post=1075"}],"curies":[{"name":"wp","href":"https:\/\/api.w.org\/{rel}","templated":true}]}}