{"id":1081,"date":"2022-12-17T14:50:10","date_gmt":"2022-12-17T14:50:10","guid":{"rendered":"https:\/\/academiabrujalunar.com\/index.php\/producto\/kit-otonal\/"},"modified":"2023-07-20T10:48:28","modified_gmt":"2023-07-20T10:48:28","slug":"kit-otonal","status":"publish","type":"product","link":"https:\/\/academiabrujalunar.com\/index.php\/producto\/kit-otonal\/","title":{"rendered":"Kit Oto\u00f1al"},"content":{"rendered":"<p><em><strong>Kit Oto\u00f1al. Por qu\u00e9 decidimos armarlo? Qu\u00e9 incluye?<\/strong><\/em><\/p>\n<p>&#x1f342; El oto\u00f1o es el ciclo natural que representa el final de la &#8220;cosecha&#8221;, en este momento terminamos de recoger los frutos- proyectos que sembramos en primavera y nos preparamos para el invierno.<br \/>\nEs un momento de transformaci\u00f3n y de despojarse de lo que ya no sirve, de mutar.<\/p>\n<p>En esta etapa podemos sentir cansancio, nostalgia, inclinarnos hacia la reflexi\u00f3n e introspecci\u00f3n, comenzar a ir m\u00e1s lento.<br \/>\nMomento ideal para depurar y reforzar el organismo, para poder fortalecerlo.<br \/>\n..Y c\u00f3mo es adentro es afuera, nuestro cuerpo tambi\u00e9n refleja el oto\u00f1o. As\u00ed como las hojas se caen y los animales mudan de piel nuestro cabello suele estar m\u00e1s d\u00e9bil y caerse, nuestra piel m\u00e1s reseca, por lo que ambos necesitan purificarse y nutrirse.<\/p>\n<p>Todo ser es atravesadx por el oto\u00f1o!<br \/>\nPodemos acompa\u00f1ar su energ\u00eda celebrando y agradeciendo la abundancia por la cosecha recibida!<\/p>\n<p>&#x1f34e;Por todo esto pusimos en oferta estacional los productos que creemos m\u00e1s te pueden servir y acompa\u00f1ar en este proceso.<\/p>\n<p><em>Nuestro kit oto\u00f1al incluye<\/em>:<\/p>\n<p>*<a href=\"https:\/\/brujerlunar.com\/producto\/unguento-muscular\/\">Ung\u00fcento muscular<\/a> 60gr $750<br \/>\n*<a href=\"https:\/\/brujerlunar.com\/producto\/shampoo-solido-anticaida\/\">Shampoo<\/a> a elecci\u00f3n 70gr $600<br \/>\n*<a href=\"https:\/\/brujerlunar.com\/producto\/tintura-madre-de-equinacea\/\">Tintura madre<\/a> a elecci\u00f3n $400<br \/>\n*<a href=\"https:\/\/brujerlunar.com\/producto\/jabon-de-tomillo-y-tea-tree\/\">Jab\u00f3n fortaleza<\/a> 60gr $350<br \/>\n*<a href=\"https:\/\/brujerlunar.com\/producto\/concentrado-anticaida\/\">Concretado antica\u00edda<\/a> 100ml $680<br \/>\n*<a href=\"https:\/\/brujerlunar.com\/producto\/acondicionador-bomba-de-nutricion\/\">Acondicionador bomba de nutrici\u00f3n<\/a> $680<\/p>\n<p>&#x1f449; Precio normal $3460<br \/>\n&#x1f449; Precio estacional $2940<\/p>\n<p>Recuerda seguirnos por nuestra redes sociales y ent\u00e9rate de todas las promos semanales!<br \/>\nIG: <a href=\"https:\/\/www.instagram.com\/brujerlunar\/\">https:\/\/www.instagram.com\/brujerlunar\/<\/a><\/p>\n<!-- AddThis Advanced Settings generic via filter on the_content --><!-- AddThis Share Buttons generic via filter on the_content -->","protected":false},"excerpt":{"rendered":"<p>Kit Oto\u00f1al. Por qu\u00e9 decidimos armarlo? Qu\u00e9 incluye? &#x1f342; El oto\u00f1o es el ciclo natural que representa el final de la &#8220;cosecha&#8221;, en este momento terminamos de recoger los frutos- proyectos que sembramos en primavera y nos preparamos para el invierno. Es un momento de transformaci\u00f3n y de despojarse de lo que ya no sirve, [&hellip;]<!-- AddThis Advanced Settings generic via filter on get_the_excerpt --><!-- AddThis Share Buttons generic via filter on get_the_excerpt --><\/p>\n","protected":false},"featured_media":0,"comment_status":"open","ping_status":"closed","template":"","meta":{"om_disable_all_campaigns":false,"_mi_skip_tracking":false,"spay_email":"","jetpack_publicize_message":"","jetpack_is_tweetstorm":false,"jetpack_publicize_feature_enabled":true},"product_cat":[24],"product_tag":[],"class_list":["post-1081","product","type-product","status-publish","hentry","product_cat-sin-categorizar"],"_links":{"self":[{"href":"https:\/\/academiabrujalunar.com\/index.php\/wp-json\/wp\/v2\/product\/1081","targetHints":{"allow":["GET"]}}],"collection":[{"href":"https:\/\/academiabrujalunar.com\/index.php\/wp-json\/wp\/v2\/product"}],"about":[{"href":"https:\/\/academiabrujalunar.com\/index.php\/wp-json\/wp\/v2\/types\/product"}],"replies":[{"embeddable":true,"href":"https:\/\/academiabrujalunar.com\/index.php\/wp-json\/wp\/v2\/comments?post=1081"}],"wp:attachment":[{"href":"https:\/\/academiabrujalunar.com\/index.php\/wp-json\/wp\/v2\/media?parent=1081"}],"wp:term":[{"taxonomy":"product_cat","embeddable":true,"href":"https:\/\/academiabrujalunar.com\/index.php\/wp-json\/wp\/v2\/product_cat?post=1081"},{"taxonomy":"product_tag","embeddable":true,"href":"https:\/\/academiabrujalunar.com\/index.php\/wp-json\/wp\/v2\/product_tag?post=1081"}],"curies":[{"name":"wp","href":"https:\/\/api.w.org\/{rel}","templated":true}]}}