{"id":1086,"date":"2022-12-17T14:50:11","date_gmt":"2022-12-17T14:50:11","guid":{"rendered":"https:\/\/academiabrujalunar.com\/index.php\/producto\/protector-solar\/"},"modified":"2022-12-17T14:50:11","modified_gmt":"2022-12-17T14:50:11","slug":"protector-solar","status":"publish","type":"product","link":"https:\/\/academiabrujalunar.com\/index.php\/producto\/protector-solar\/","title":{"rendered":"Protector Solar"},"content":{"rendered":"<p>Nuestro protector solar de 35fps es vegano y esta logrado a trav\u00e9s de una combinaci\u00f3n de 8 ingredientes naturales, con una receta 100% original.<\/p>\n<p>Trabajamos mucho y probamos muchas recetas de protectores solares antes de llegar a esta combinaci\u00f3n de ingredientes! Incluso nuestra formula se sigue mejorando cada a\u00f1o!<\/p>\n<p>Te contamos un poco mas acerca de alguno de sus ingredientes:<\/p>\n<ul>\n<li>Aceite de zanahoria: reconocido por sus m\u00faltiples propiedades para el cuidado de la piel. Previene el envejecimiento prematuro, revitaliza y nutre.\u00a0 Adem\u00e1s es rico en vitamina E lo que le aporta elasticidad y luminosidad a la piel. Gracias a su contenido de B-carotenos ayuda a mantener un bronceado natural y saludable. Si bien su valor es de aproximadamente 30FPS, su aplicaci\u00f3n directa sobre la piel no brinda la protecci\u00f3n solar necesaria ya que se absorbe demasiado r\u00e1pido.<\/li>\n<li>Manteca de Karit\u00e9: muy utilizada en cosm\u00e9tica ya que favorece la regeneraci\u00f3n celular, aporta vitamina A, D, E Y F. Adem\u00e1s nutre y favorece la regeneraci\u00f3n celular. Previene la irritaci\u00f3n de la piel, descongestiona la dermis y evita las quemaduras producidas por el Sol. En cuanto a la protecci\u00f3n solar cuenta con aproximadamente 6FPS.<\/li>\n<li>Manteca de cacao: reconocida por su poder regenerador para la piel, aporta nutrientes y vitaminas que favorecen la regeneraci\u00f3n celular. Adem\u00e1s crea una capa protectora sobre la piel gracias a su contenido de l\u00edpidos que no solo refuerzan la epidermis sino que adem\u00e1s previene que se pierda la hidrataci\u00f3n de la misma. En cuanto a la protecci\u00f3n solar cuenta con aproximadamente 10FPS.<\/li>\n<\/ul>\n<p>&nbsp;<\/p>\n<p>Si estas buscando un protector solar con una protecci\u00f3n base de 35fps, que se vegano y pueda aplicarse en ni\u00f1os, estas en el lugar indicado!<br \/>\nSe debe tener en cuenta que su aplicaci\u00f3n debe repetirse cada 2hs as\u00ed como despu\u00e9s de haber estado en el agua o de secarse con toalla.<\/p>\n<p>Es un producto 100% natural, apto vegan y libre de crueldad animal.<br \/>\nEsta indicado para todo tipo de pieles, sin embargo las pieles grasas o con tendencia al acn\u00e9 deben aplicar poca cantidad.<\/p>\n<!-- AddThis Advanced Settings generic via filter on the_content --><!-- AddThis Share Buttons generic via filter on the_content -->","protected":false},"excerpt":{"rendered":"<p>Nuestro protector solar de 35fps es vegano y esta logrado a trav\u00e9s de una combinaci\u00f3n de 8 ingredientes naturales, con una receta 100% original. Trabajamos mucho y probamos muchas recetas de protectores solares antes de llegar a esta combinaci\u00f3n de ingredientes! Incluso nuestra formula se sigue mejorando cada a\u00f1o! Te contamos un poco mas acerca [&hellip;]<!-- AddThis Advanced Settings generic via filter on get_the_excerpt --><!-- AddThis Share Buttons generic via filter on get_the_excerpt --><\/p>\n","protected":false},"featured_media":0,"comment_status":"open","ping_status":"closed","template":"","meta":{"om_disable_all_campaigns":false,"_mi_skip_tracking":false,"spay_email":"","jetpack_publicize_message":"","jetpack_is_tweetstorm":false,"jetpack_publicize_feature_enabled":true},"product_cat":[24],"product_tag":[],"class_list":["post-1086","product","type-product","status-publish","hentry","product_cat-sin-categorizar"],"_links":{"self":[{"href":"https:\/\/academiabrujalunar.com\/index.php\/wp-json\/wp\/v2\/product\/1086","targetHints":{"allow":["GET"]}}],"collection":[{"href":"https:\/\/academiabrujalunar.com\/index.php\/wp-json\/wp\/v2\/product"}],"about":[{"href":"https:\/\/academiabrujalunar.com\/index.php\/wp-json\/wp\/v2\/types\/product"}],"replies":[{"embeddable":true,"href":"https:\/\/academiabrujalunar.com\/index.php\/wp-json\/wp\/v2\/comments?post=1086"}],"wp:attachment":[{"href":"https:\/\/academiabrujalunar.com\/index.php\/wp-json\/wp\/v2\/media?parent=1086"}],"wp:term":[{"taxonomy":"product_cat","embeddable":true,"href":"https:\/\/academiabrujalunar.com\/index.php\/wp-json\/wp\/v2\/product_cat?post=1086"},{"taxonomy":"product_tag","embeddable":true,"href":"https:\/\/academiabrujalunar.com\/index.php\/wp-json\/wp\/v2\/product_tag?post=1086"}],"curies":[{"name":"wp","href":"https:\/\/api.w.org\/{rel}","templated":true}]}}