{"id":1088,"date":"2022-12-17T14:50:11","date_gmt":"2022-12-17T14:50:11","guid":{"rendered":"https:\/\/academiabrujalunar.com\/index.php\/producto\/balsamo-labial\/"},"modified":"2022-12-17T14:50:11","modified_gmt":"2022-12-17T14:50:11","slug":"balsamo-labial","status":"publish","type":"product","link":"https:\/\/academiabrujalunar.com\/index.php\/producto\/balsamo-labial\/","title":{"rendered":"B\u00e1lsamo Labial"},"content":{"rendered":"<p>Nuestro b\u00e1lsamo labial contiene una formula exclusiva que hidrata, nutre y regenera tu piel.<br \/>\nEs importante utilizarlo durante todo el a\u00f1o, ya que nuestros labios se encuentran expuestos diariamente a agentes meteorol\u00f3gicos que los resecan. Lo que adem\u00e1s provocan la aparici\u00f3n de l\u00edneas de expresi\u00f3n en el contorno de los mismos.<br \/>\nTambi\u00e9n debemos tener en cuenta que la resequedad de los labios marca una falta de hidrataci\u00f3n. Esto se acent\u00faa especialmente en invierno.<\/p>\n<h4>Dentro de los ingredientes den este b\u00e1lsamo labial destacan:<\/h4>\n<ul>\n<li>Aceite de Coco: dada la gran cantidad de antioxidantes y vitamina E que contiene es uno de los mejores aceites para prevenir el envejecimiento celular. Sus \u00e1cidos grasos le devuelve estructura y sost\u00e9n a la piel. Favorece la regeneraci\u00f3n y la nutrici\u00f3n de la piel. Adem\u00e1s sus propiedades antimicrobianas previenen infecciones y acn\u00e9.<\/li>\n<li>Aceite esencial de Manzanilla: nutre e hidrata la piel, ayuda a descongestionar y devolverle un aspecto saludable a la zona sobre la que se aplica. Adem\u00e1s favorece la regeneraci\u00f3n celular, ayuda a quitar manchas, previene el acn\u00e9 y le devuelve elasticidad a la piel. Es uno de los mejores aceites esenciales para recuperar la piel da\u00f1ada.<\/li>\n<li>Manteca de cacao: reconocida por su poder regenerador para la piel, aporta nutrientes y vitaminas que favorecen la regeneraci\u00f3n celular. Adem\u00e1s crea una capa protectora sobre la piel, gracias a su contenido de l\u00edpidos que no solo refuerzan la epidermis sino que adem\u00e1s previene que se pierda la hidrataci\u00f3n de la misma. En cuanto a la protecci\u00f3n solar cuenta con aproximadamente 10FPS.<\/li>\n<\/ul>\n<p>Adem\u00e1s contiene protecci\u00f3n solar natural, para un mayor cuidado de tu piel!<br \/>\nComo todos nuestros productos, este b\u00e1lsamo labial esta realizado con insumos naturales. Contiene mantecas vegetales, aceites org\u00e1nicos y aceites esenciales. Cada formula esta pensada en base a conocimientos fito-cosm\u00e9ticos!<\/p>\n<p>Porque belleza es consciencia, en armon\u00eda y equilibrio con la naturaleza!<\/p>\n<p>Este producto es apto vegan y sin tacc.<\/p>\n<p>Si te interesa cuidar tu piel con toda nuestra l\u00ednea, te invitamos a ver nuestro <a href=\"https:\/\/brujerlunar.com\/producto\/kit-facial-completo-envio-gratis-a-todo-el-pais\/\">Kit facial completo<\/a> con envi\u00f3 gratis!<\/p>\n<!-- AddThis Advanced Settings generic via filter on the_content --><!-- AddThis Share Buttons generic via filter on the_content -->","protected":false},"excerpt":{"rendered":"<p>Nuestro b\u00e1lsamo labial contiene una formula exclusiva que hidrata, nutre y regenera tu piel. Es importante utilizarlo durante todo el a\u00f1o, ya que nuestros labios se encuentran expuestos diariamente a agentes meteorol\u00f3gicos que los resecan. Lo que adem\u00e1s provocan la aparici\u00f3n de l\u00edneas de expresi\u00f3n en el contorno de los mismos. Tambi\u00e9n debemos tener en [&hellip;]<!-- AddThis Advanced Settings generic via filter on get_the_excerpt --><!-- AddThis Share Buttons generic via filter on get_the_excerpt --><\/p>\n","protected":false},"featured_media":0,"comment_status":"open","ping_status":"closed","template":"","meta":{"om_disable_all_campaigns":false,"_mi_skip_tracking":false,"spay_email":"","jetpack_publicize_message":"","jetpack_is_tweetstorm":false,"jetpack_publicize_feature_enabled":true},"product_cat":[24],"product_tag":[],"class_list":["post-1088","product","type-product","status-publish","hentry","product_cat-sin-categorizar"],"_links":{"self":[{"href":"https:\/\/academiabrujalunar.com\/index.php\/wp-json\/wp\/v2\/product\/1088","targetHints":{"allow":["GET"]}}],"collection":[{"href":"https:\/\/academiabrujalunar.com\/index.php\/wp-json\/wp\/v2\/product"}],"about":[{"href":"https:\/\/academiabrujalunar.com\/index.php\/wp-json\/wp\/v2\/types\/product"}],"replies":[{"embeddable":true,"href":"https:\/\/academiabrujalunar.com\/index.php\/wp-json\/wp\/v2\/comments?post=1088"}],"wp:attachment":[{"href":"https:\/\/academiabrujalunar.com\/index.php\/wp-json\/wp\/v2\/media?parent=1088"}],"wp:term":[{"taxonomy":"product_cat","embeddable":true,"href":"https:\/\/academiabrujalunar.com\/index.php\/wp-json\/wp\/v2\/product_cat?post=1088"},{"taxonomy":"product_tag","embeddable":true,"href":"https:\/\/academiabrujalunar.com\/index.php\/wp-json\/wp\/v2\/product_tag?post=1088"}],"curies":[{"name":"wp","href":"https:\/\/api.w.org\/{rel}","templated":true}]}}