{"id":442,"date":"2022-02-25T22:00:06","date_gmt":"2022-02-25T22:00:06","guid":{"rendered":"https:\/\/academiabrujalunar.com\/?post_type=product&#038;p=442"},"modified":"2022-03-02T13:24:31","modified_gmt":"2022-03-02T13:24:31","slug":"tintura-madre-de-alcachofa","status":"publish","type":"product","link":"https:\/\/academiabrujalunar.com\/index.php\/producto\/tintura-madre-de-alcachofa\/","title":{"rendered":"Tintura Madre de Alcachofa"},"content":{"rendered":"<p>La tintura madre de alcachofa es una hierba dentro de la medicina china considerada como ying, esto quiere decir en parte que es refrescante por lo que se utiliza para bajar el calor interno del organismo. Dicho calor interno se puede manifestar como acidez, constipaci\u00f3n, jaquecas, insomnio, entre otros s\u00edntomas. Muchas veces se confunde con estr\u00e9s, si deseas consultar al respecto no dudes en contactarnos como se indica al final del articulo.<\/p>\n<p>La tintura madre de alcachofa se utiliza principalmente para tratar el h\u00edgado y la ves\u00edcula biliar. No tiene interacci\u00f3n con otros medicamentos.<\/p>\n<h4>Esta muy indicada en personas que presentan un conjunto de s\u00edntomas como:<\/h4>\n<ul>\n<li>Jaquecas en la zona de la sien y los lados de la cabeza con tendencia a volverse un dolor frontal.<\/li>\n<li>Insomnio entre la 1am y las 3am<\/li>\n<li>Irritabilidad<\/li>\n<li>Acidez o constipaci\u00f3n<\/li>\n<li>Problemas de h\u00edgado o ves\u00edcula biliar (h\u00edgado graso, hepatitis, barro en la ves\u00edcula, etc.)<\/li>\n<li>\u00c1cidos grasos elevados<\/li>\n<li>Glucosa alta<\/li>\n<li>\u00c1cido \u00farico elevado<\/li>\n<li>Hipertensi\u00f3n<\/li>\n<\/ul>\n<p>&nbsp;<\/p>\n<p>Quiz\u00e1s te interese esta nota sobre el uso de hierbas medicinales, donde se pone un ejemplo en el que se indica el uso de esta tintura madre, te dejo el enlace a continuaci\u00f3n: <a href=\"https:\/\/www.brujerlunar.com\/sobre-el-uso-de-hierbas-medicinales\/\">https:\/\/www.brujerlunar.com\/sobre-el-uso-de-hierbas-medicinales\/<\/a><\/p>\n<p>Si sueles tener afecciones de h\u00edgado, mala digesti\u00f3n puede que te interese tambi\u00e9n ver la <a href=\"https:\/\/www.brujerlunar.com\/producto\/tintura-madre-de-diente-de-leon\/\">tintura madre de diente de le\u00f3n<\/a> o la <a href=\"https:\/\/www.brujerlunar.com\/producto\/tintura-madre-de-salvia\/\">tintura madre de salvia<\/a>.<br \/>\nLas tinturas madres son extracto medicinales de hierbas que se utilizan v\u00eda interna, es decir que se toman. Se deben disolver previamente en media taza de agua hirviendo, luego esperar a que se enfri\u00e9 y finalmente tomar. La cantidad de gotas a tomar depender\u00e1 del peso de la persona y de la afecci\u00f3n que presente.<\/p>\n<figure id=\"attachment_1131\" aria-describedby=\"caption-attachment-1131\" style=\"width: 300px\" class=\"wp-caption alignleft\"><img loading=\"lazy\" decoding=\"async\" class=\"size-medium wp-image-1131\" src=\"http:\/\/www.brujerlunar.com\/wp-content\/uploads\/2020\/01\/Tintura-de-Alcachofa-300x100.png\" alt=\"Tintura madre de Alcachofa\" width=\"300\" height=\"100\" \/><figcaption id=\"caption-attachment-1131\" class=\"wp-caption-text\">Las tinturas madres son extractos medicinales.<\/figcaption><\/figure>\n<p>Si tienes dudas sobre la tintura madre de alcachofa o quieres consultar sobre su administraci\u00f3n, no dudes en contactarte con nosotras a trav\u00e9s del formulario de contacto que se adjunta al final o puedes hacerlo mediante nuestras redes sociales. Enlace para Facebook : <a href=\"https:\/\/www.facebook.com\/BrujerLunar.MagiaAntigua\/\">https:\/\/www.facebook.com\/BrujerLunar.MagiaAntigua\/<\/a><\/p>\n<p>Enlace para Instagram <a href=\"https:\/\/www.instagram.com\/brujerlunar\/\">https:\/\/www.instagram.com\/brujerlunar\/<\/a><\/p>\n<p>&nbsp;<\/p>\n<p>&nbsp;<\/p>\n[contact-form-7 404 \"No encontrado\"]\n<!-- AddThis Advanced Settings generic via filter on the_content --><!-- AddThis Share Buttons generic via filter on the_content -->","protected":false},"excerpt":{"rendered":"<p>La tintura madre de alcachofa es una hierba dentro de la medicina china considerada como ying, esto quiere decir en parte que es refrescante por lo que se utiliza para bajar el calor interno del organismo. Dicho calor interno se puede manifestar como acidez, constipaci\u00f3n, jaquecas, insomnio, entre otros s\u00edntomas. Muchas veces se confunde con [&hellip;]<!-- AddThis Advanced Settings generic via filter on get_the_excerpt --><!-- AddThis Share Buttons generic via filter on get_the_excerpt --><\/p>\n","protected":false},"featured_media":482,"comment_status":"open","ping_status":"closed","template":"","meta":{"om_disable_all_campaigns":false,"_mi_skip_tracking":false,"spay_email":"","jetpack_publicize_message":"","jetpack_is_tweetstorm":false,"jetpack_publicize_feature_enabled":true},"product_cat":[44],"product_tag":[],"class_list":["post-442","product","type-product","status-publish","has-post-thumbnail","hentry","product_cat-medicinales"],"_links":{"self":[{"href":"https:\/\/academiabrujalunar.com\/index.php\/wp-json\/wp\/v2\/product\/442","targetHints":{"allow":["GET"]}}],"collection":[{"href":"https:\/\/academiabrujalunar.com\/index.php\/wp-json\/wp\/v2\/product"}],"about":[{"href":"https:\/\/academiabrujalunar.com\/index.php\/wp-json\/wp\/v2\/types\/product"}],"replies":[{"embeddable":true,"href":"https:\/\/academiabrujalunar.com\/index.php\/wp-json\/wp\/v2\/comments?post=442"}],"wp:featuredmedia":[{"embeddable":true,"href":"https:\/\/academiabrujalunar.com\/index.php\/wp-json\/wp\/v2\/media\/482"}],"wp:attachment":[{"href":"https:\/\/academiabrujalunar.com\/index.php\/wp-json\/wp\/v2\/media?parent=442"}],"wp:term":[{"taxonomy":"product_cat","embeddable":true,"href":"https:\/\/academiabrujalunar.com\/index.php\/wp-json\/wp\/v2\/product_cat?post=442"},{"taxonomy":"product_tag","embeddable":true,"href":"https:\/\/academiabrujalunar.com\/index.php\/wp-json\/wp\/v2\/product_tag?post=442"}],"curies":[{"name":"wp","href":"https:\/\/api.w.org\/{rel}","templated":true}]}}