{"id":443,"date":"2022-02-25T22:00:06","date_gmt":"2022-02-25T22:00:06","guid":{"rendered":"https:\/\/academiabrujalunar.com\/?post_type=product&#038;p=443"},"modified":"2023-07-20T15:20:25","modified_gmt":"2023-07-20T15:20:25","slug":"tintura-madre-de-diente-de-leon","status":"publish","type":"product","link":"https:\/\/academiabrujalunar.com\/index.php\/producto\/tintura-madre-de-diente-de-leon\/","title":{"rendered":"Tintura madre de Diente de Le\u00f3n"},"content":{"rendered":"<p>La tintura madre de diente de le\u00f3n esta considerada en la medicina china como hierba neutra, es decir que no es ni ying ni yang, por lo cual puede utilizarse tanto en personas con una tendencia ying o yan. No enfria ni calienta el organismo, es decir no lo activa pero tampoco lo aquieta. El diente de le\u00f3n es una hierba diur\u00e9tica por lo que se aconseja tomar almenos 2lts de agua al d\u00eda mientras se este administrando esta tintura.<\/p>\n<p>Esta muy indicada en personas que presentan un conjunto de s\u00edntomas como:<\/p>\n<ul>\n<li>Sudoraci\u00f3n excesiva o con mucho olor<\/li>\n<li>Acn\u00e9<\/li>\n<li>Forunculos<\/li>\n<li>Jaquecas<\/li>\n<li>Orina oscura a pesar de una correcta hidrataci\u00f3n<\/li>\n<li>Problemas de h\u00edgado o ves\u00edcula biliar<\/li>\n<li>Digestiones pesadas<\/li>\n<li>Colesterol elevado<\/li>\n<li>\u00c1cido \u00farico elevado<\/li>\n<li>Contracturas<\/li>\n<li>Reumatismo<\/li>\n<\/ul>\n<p>Tambi\u00e9n te puede interesar la <a href=\"https:\/\/www.brujerlunar.com\/producto\/tintura-madre-de-alcachofa\/\">Tintura Madre de Alcachofa<\/a>, indicada para afecciones de h\u00edgado acompa\u00f1adas de ansiedad y\/o insomnio.<\/p>\n<p>Quiz\u00e1s te interese esta nota sobre el uso de hierbas medicinales, donde se pone un ejemplo en el que se indica el uso de esta tintura madre, te dejo el enlace a continuaci\u00f3n: <a href=\"https:\/\/www.brujerlunar.com\/sobre-el-uso-de-hierbas-medicinales\/\">https:\/\/www.brujerlunar.com\/sobre-el-uso-de-hierbas-medicinales\/<\/a><\/p>\n<p>Las tinturas madres son extracto medicinales de hierbas que se utilizan v\u00eda interna, es decir que se toman. Se deben disolver previamente en media taza de agua hirviendo, luego esperar a que se enfri\u00e9 y finalmente tomar. La cantidad de gotas a tomar depender\u00e1 del peso de la persona y de la afecci\u00f3n que presente.<\/p>\n<figure id=\"attachment_1147\" aria-describedby=\"caption-attachment-1147\" style=\"width: 300px\" class=\"wp-caption alignleft\"><img loading=\"lazy\" decoding=\"async\" class=\"size-medium wp-image-1147\" src=\"http:\/\/www.brujerlunar.com\/wp-content\/uploads\/2020\/01\/Tintura-diente-de-leon-300x100.png\" alt=\"Tintura madre de Diente de Le\u00f3n\" width=\"300\" height=\"100\" \/><figcaption id=\"caption-attachment-1147\" class=\"wp-caption-text\">Las tinturas madres son extractos medicinales.<\/figcaption><\/figure>\n<p>Si tienes dudas sobre la tintura madre de diente de le\u00f3n o quieres consultar sobre su administraci\u00f3n, no dudes en contactarte con nosotras.<\/p>\n<p>&nbsp;<\/p>\n[contact-form-7 404 \"No encontrado\"]\n<!-- AddThis Advanced Settings generic via filter on the_content --><!-- AddThis Share Buttons generic via filter on the_content -->","protected":false},"excerpt":{"rendered":"<p>La tintura madre de diente de le\u00f3n esta considerada en la medicina china como hierba neutra, es decir que no es ni ying ni yang, por lo cual puede utilizarse tanto en personas con una tendencia ying o yan. No enfria ni calienta el organismo, es decir no lo activa pero tampoco lo aquieta. El [&hellip;]<!-- AddThis Advanced Settings generic via filter on get_the_excerpt --><!-- AddThis Share Buttons generic via filter on get_the_excerpt --><\/p>\n","protected":false},"featured_media":486,"comment_status":"open","ping_status":"closed","template":"","meta":{"om_disable_all_campaigns":false,"_mi_skip_tracking":false,"spay_email":"","jetpack_publicize_message":"","jetpack_is_tweetstorm":false,"jetpack_publicize_feature_enabled":true},"product_cat":[44],"product_tag":[],"class_list":["post-443","product","type-product","status-publish","has-post-thumbnail","hentry","product_cat-medicinales"],"_links":{"self":[{"href":"https:\/\/academiabrujalunar.com\/index.php\/wp-json\/wp\/v2\/product\/443","targetHints":{"allow":["GET"]}}],"collection":[{"href":"https:\/\/academiabrujalunar.com\/index.php\/wp-json\/wp\/v2\/product"}],"about":[{"href":"https:\/\/academiabrujalunar.com\/index.php\/wp-json\/wp\/v2\/types\/product"}],"replies":[{"embeddable":true,"href":"https:\/\/academiabrujalunar.com\/index.php\/wp-json\/wp\/v2\/comments?post=443"}],"wp:featuredmedia":[{"embeddable":true,"href":"https:\/\/academiabrujalunar.com\/index.php\/wp-json\/wp\/v2\/media\/486"}],"wp:attachment":[{"href":"https:\/\/academiabrujalunar.com\/index.php\/wp-json\/wp\/v2\/media?parent=443"}],"wp:term":[{"taxonomy":"product_cat","embeddable":true,"href":"https:\/\/academiabrujalunar.com\/index.php\/wp-json\/wp\/v2\/product_cat?post=443"},{"taxonomy":"product_tag","embeddable":true,"href":"https:\/\/academiabrujalunar.com\/index.php\/wp-json\/wp\/v2\/product_tag?post=443"}],"curies":[{"name":"wp","href":"https:\/\/api.w.org\/{rel}","templated":true}]}}