{"id":444,"date":"2022-02-25T22:00:06","date_gmt":"2022-02-25T22:00:06","guid":{"rendered":"https:\/\/academiabrujalunar.com\/?post_type=product&#038;p=444"},"modified":"2022-03-02T13:24:00","modified_gmt":"2022-03-02T13:24:00","slug":"tintura-madre-de-lavanda","status":"publish","type":"product","link":"https:\/\/academiabrujalunar.com\/index.php\/producto\/tintura-madre-de-lavanda\/","title":{"rendered":"Tintura madre de Lavanda"},"content":{"rendered":"<p>La tintura madre de lavanda es considerada en la medicina china como una hierba ying, esto quiere decir que refresca y a quieta el organismo.<br \/>\nSe utiliza principalmente para calmar los nervios y los estados de ansiedad.<\/p>\n<p>Esta muy indicada en personas que presentan un conjunto de s\u00edntomas como:<\/p>\n<ul>\n<li>Ansiedad<\/li>\n<li>Emociones fluctuantes<\/li>\n<li>Desordenes del sue\u00f1o<\/li>\n<li>Ataques de p\u00e1nico<\/li>\n<li>Hiperactividad<\/li>\n<li>Problemas card\u00edacos (palpitaciones)<\/li>\n<li>Problemas respiratorios o digestivos asociados a estados de ansiedad o estr\u00e9s<\/li>\n<li>Presi\u00f3n alta<\/li>\n<\/ul>\n<p>Si sueles tener problemas de insomnio te puede interesar la <a href=\"https:\/\/www.brujerlunar.com\/producto\/tintura-madre-de-alcachofa\/\">Tintura Madre de Alcachofa<\/a> indicada para insomnio y ansiedad asociada a malestar en el h\u00edgado.<br \/>\nSi la afecci\u00f3n de ansiedad e insomnio es muy grande puede que te interese la <a href=\"https:\/\/www.brujerlunar.com\/producto\/tintura-madre-de-placido-sentir\/\">Tintura Madre de Placido Sentir<\/a>.<br \/>\nLas tinturas madres son extracto medicinales de hierbas que se utilizan v\u00eda interna, es decir que se toman. Se deben disolver previamente en media taza de agua hirviendo, luego esperar a que se enfri\u00e9 y finalmente tomar. La cantidad de gotas a tomar depender\u00e1 del peso de la persona y de la afecci\u00f3n que presente.<\/p>\n<figure id=\"attachment_1139\" aria-describedby=\"caption-attachment-1139\" style=\"width: 300px\" class=\"wp-caption alignleft\"><img loading=\"lazy\" decoding=\"async\" class=\"size-medium wp-image-1139\" src=\"http:\/\/www.brujerlunar.com\/wp-content\/uploads\/2020\/01\/Tintura-de-Lavanda-300x100.png\" alt=\"Tintura madre de Lavanda\" width=\"300\" height=\"100\" \/><figcaption id=\"caption-attachment-1139\" class=\"wp-caption-text\">Las tinturas madres son extractos medicinales.<\/figcaption><\/figure>\n<p>&nbsp;<\/p>\n<p>&nbsp;<\/p>\n<p>&nbsp;<\/p>\n<p>&nbsp;<\/p>\n<p>&nbsp;<\/p>\n<p>Si tienes dudas sobre la tintura madre de lavanda o quieres consultar sobre su administraci\u00f3n, no dudes en contactarte con nosotras.<\/p>\n[contact-form-7 404 \"No encontrado\"]\n<p>&nbsp;<\/p>\n<!-- AddThis Advanced Settings generic via filter on the_content --><!-- AddThis Share Buttons generic via filter on the_content -->","protected":false},"excerpt":{"rendered":"<p>La tintura madre de lavanda es considerada en la medicina china como una hierba ying, esto quiere decir que refresca y a quieta el organismo. Se utiliza principalmente para calmar los nervios y los estados de ansiedad. Esta muy indicada en personas que presentan un conjunto de s\u00edntomas como: Ansiedad Emociones fluctuantes Desordenes del sue\u00f1o [&hellip;]<!-- AddThis Advanced Settings generic via filter on get_the_excerpt --><!-- AddThis Share Buttons generic via filter on get_the_excerpt --><\/p>\n","protected":false},"featured_media":483,"comment_status":"open","ping_status":"closed","template":"","meta":{"om_disable_all_campaigns":false,"_mi_skip_tracking":false,"spay_email":"","jetpack_publicize_message":"","jetpack_is_tweetstorm":false,"jetpack_publicize_feature_enabled":true},"product_cat":[44],"product_tag":[],"class_list":["post-444","product","type-product","status-publish","has-post-thumbnail","hentry","product_cat-medicinales"],"_links":{"self":[{"href":"https:\/\/academiabrujalunar.com\/index.php\/wp-json\/wp\/v2\/product\/444","targetHints":{"allow":["GET"]}}],"collection":[{"href":"https:\/\/academiabrujalunar.com\/index.php\/wp-json\/wp\/v2\/product"}],"about":[{"href":"https:\/\/academiabrujalunar.com\/index.php\/wp-json\/wp\/v2\/types\/product"}],"replies":[{"embeddable":true,"href":"https:\/\/academiabrujalunar.com\/index.php\/wp-json\/wp\/v2\/comments?post=444"}],"wp:featuredmedia":[{"embeddable":true,"href":"https:\/\/academiabrujalunar.com\/index.php\/wp-json\/wp\/v2\/media\/483"}],"wp:attachment":[{"href":"https:\/\/academiabrujalunar.com\/index.php\/wp-json\/wp\/v2\/media?parent=444"}],"wp:term":[{"taxonomy":"product_cat","embeddable":true,"href":"https:\/\/academiabrujalunar.com\/index.php\/wp-json\/wp\/v2\/product_cat?post=444"},{"taxonomy":"product_tag","embeddable":true,"href":"https:\/\/academiabrujalunar.com\/index.php\/wp-json\/wp\/v2\/product_tag?post=444"}],"curies":[{"name":"wp","href":"https:\/\/api.w.org\/{rel}","templated":true}]}}