{"id":445,"date":"2022-02-25T22:00:06","date_gmt":"2022-02-25T22:00:06","guid":{"rendered":"https:\/\/academiabrujalunar.com\/?post_type=product&#038;p=445"},"modified":"2022-03-02T13:23:56","modified_gmt":"2022-03-02T13:23:56","slug":"tintura-madre-de-salvia","status":"publish","type":"product","link":"https:\/\/academiabrujalunar.com\/index.php\/producto\/tintura-madre-de-salvia\/","title":{"rendered":"Tintura madre de Salvia"},"content":{"rendered":"<p>La tintura madre de salvia esta considera en la medicina china como hierba neutra, es decir que no es ni ying ni yang, por lo cual puede utilizarse tanto en personas con una tendencia ying o yan. No enfr\u00eda ni calienta el organismo, es decir no lo activa pero tampoco lo aquieta. Es reconocida por sus propiedades digestivas y por contener estr\u00f3genos naturales siendo indicada para tratar los s\u00edntomas de la menopausia.<\/p>\n<p>Esta muy indicada en personas que presentan un conjunto de s\u00edntomas como:<\/p>\n<ul>\n<li>Nervios- ansiedad<\/li>\n<li>Tensi\u00f3n<\/li>\n<li>Inflamaci\u00f3n abdominal<\/li>\n<li>Acidez<\/li>\n<li>Flatulencias<\/li>\n<li>Espasmos<\/li>\n<li>Gastritis<\/li>\n<li>Sudoraci\u00f3n excesiva<\/li>\n<li>Problemas hormonales<\/li>\n<li>S\u00edntomas premenstruales o menopausicos<\/li>\n<li>Falta de estr\u00f3genos<\/li>\n<\/ul>\n<p>Si la afecci\u00f3n viene acompa\u00f1ada de malestar en el h\u00edgado puede que te interese la <a href=\"https:\/\/www.brujerlunar.com\/producto\/tintura-madre-de-diente-de-leon\/\">Tintura Madre de Diente de Le\u00f3n<\/a> o si presentas acidez la <a href=\"https:\/\/www.brujerlunar.com\/producto\/tintura-madre-de-alcachofa\/\">Tintura Madre de Alcachofa<\/a>.<br \/>\nLas tinturas madres son extracto medicinales de hierbas que se utilizan v\u00eda interna, es decir que se toman. Se deben disolver previamente en media taza de agua hirviendo, luego esperar a que se enfri\u00e9 y finalmente tomar. La cantidad de gotas a tomar depender\u00e1 del peso de la persona y de la afecci\u00f3n que presente.<\/p>\n<figure id=\"attachment_1151\" aria-describedby=\"caption-attachment-1151\" style=\"width: 300px\" class=\"wp-caption alignleft\"><img loading=\"lazy\" decoding=\"async\" class=\"size-medium wp-image-1151\" src=\"http:\/\/www.brujerlunar.com\/wp-content\/uploads\/2020\/01\/Tintura-de-Salvia-300x100.png\" alt=\"Tintura madre de Salvia\" width=\"300\" height=\"100\" \/><figcaption id=\"caption-attachment-1151\" class=\"wp-caption-text\">Las tinturas madres son extractos medicinales.<\/figcaption><\/figure>\n<p>&nbsp;<\/p>\n<p>&nbsp;<\/p>\n<p>&nbsp;<\/p>\n<p>&nbsp;<\/p>\n<p>&nbsp;<\/p>\n<p>Si tienes dudas sobre la tintura madre de salvia o quieres consultar sobre su administraci\u00f3n, no dudes en contactarte con nosotras.<\/p>\n[contact-form-7 404 \"No encontrado\"]\n<!-- AddThis Advanced Settings generic via filter on the_content --><!-- AddThis Share Buttons generic via filter on the_content -->","protected":false},"excerpt":{"rendered":"<p>La tintura madre de salvia esta considera en la medicina china como hierba neutra, es decir que no es ni ying ni yang, por lo cual puede utilizarse tanto en personas con una tendencia ying o yan. No enfr\u00eda ni calienta el organismo, es decir no lo activa pero tampoco lo aquieta. Es reconocida por [&hellip;]<!-- AddThis Advanced Settings generic via filter on get_the_excerpt --><!-- AddThis Share Buttons generic via filter on get_the_excerpt --><\/p>\n","protected":false},"featured_media":487,"comment_status":"open","ping_status":"closed","template":"","meta":{"om_disable_all_campaigns":false,"_mi_skip_tracking":false,"spay_email":"","jetpack_publicize_message":"","jetpack_is_tweetstorm":false,"jetpack_publicize_feature_enabled":true},"product_cat":[44],"product_tag":[],"class_list":["post-445","product","type-product","status-publish","has-post-thumbnail","hentry","product_cat-medicinales"],"_links":{"self":[{"href":"https:\/\/academiabrujalunar.com\/index.php\/wp-json\/wp\/v2\/product\/445","targetHints":{"allow":["GET"]}}],"collection":[{"href":"https:\/\/academiabrujalunar.com\/index.php\/wp-json\/wp\/v2\/product"}],"about":[{"href":"https:\/\/academiabrujalunar.com\/index.php\/wp-json\/wp\/v2\/types\/product"}],"replies":[{"embeddable":true,"href":"https:\/\/academiabrujalunar.com\/index.php\/wp-json\/wp\/v2\/comments?post=445"}],"wp:featuredmedia":[{"embeddable":true,"href":"https:\/\/academiabrujalunar.com\/index.php\/wp-json\/wp\/v2\/media\/487"}],"wp:attachment":[{"href":"https:\/\/academiabrujalunar.com\/index.php\/wp-json\/wp\/v2\/media?parent=445"}],"wp:term":[{"taxonomy":"product_cat","embeddable":true,"href":"https:\/\/academiabrujalunar.com\/index.php\/wp-json\/wp\/v2\/product_cat?post=445"},{"taxonomy":"product_tag","embeddable":true,"href":"https:\/\/academiabrujalunar.com\/index.php\/wp-json\/wp\/v2\/product_tag?post=445"}],"curies":[{"name":"wp","href":"https:\/\/api.w.org\/{rel}","templated":true}]}}