{"id":446,"date":"2022-02-25T22:00:06","date_gmt":"2022-02-25T22:00:06","guid":{"rendered":"https:\/\/academiabrujalunar.com\/?post_type=product&#038;p=446"},"modified":"2022-03-01T22:54:48","modified_gmt":"2022-03-01T22:54:48","slug":"tintura-madre-placido-sentir","status":"publish","type":"product","link":"https:\/\/academiabrujalunar.com\/index.php\/producto\/tintura-madre-placido-sentir\/","title":{"rendered":"Tintura madre Placido Sentir"},"content":{"rendered":"<p>La tintura madre placido sentir es una combinaci\u00f3n de varias hierbas pensada desde el punto de vista de la medicina china, es una combinaci\u00f3n de hierbas ying esto quiere decir que refrescan y aquietan el organismo a nivel interno.<\/p>\n<p>Esta muy indicada en personas que presentan un conjunto de s\u00edntomas como:<\/p>\n<ul>\n<li>Ansiedad<\/li>\n<li>Insomnio<\/li>\n<li>Emociones cambiantes<\/li>\n<li>Depresi\u00f3n<\/li>\n<li>Confusi\u00f3n mental<\/li>\n<li>Tensi\u00f3n f\u00edsica<\/li>\n<li>Tics nerviosos<\/li>\n<li>Problemas card\u00edacos (palpitaciones, taquicard\u00eda)<\/li>\n<li>Hipertensi\u00f3n<\/li>\n<\/ul>\n<p>Puede que te interese la <a href=\"https:\/\/www.brujerlunar.com\/producto\/tintura-madre-de-alcachofa\/\">Tintura Madre de Alcachofa<\/a>, indicada para situaciones de ansiedad e insomnio acompa\u00f1adas con malestar en el h\u00edgado.<br \/>\nEn cambio si la afecci\u00f3n de ansiedad fuese menor o se trate de una persona menor a los 15 a\u00f1os, puedes que te interese la <a href=\"https:\/\/www.brujerlunar.com\/producto\/tintura-madre-de-lavanda\/\">Tintura Madre de Lavanda<\/a>.<br \/>\nLas tinturas madres son extracto medicinales de hierbas que se utilizan v\u00eda interna, es decir que se toman. Se deben disolver previamente en media taza de agua hirviendo, luego esperar a que se enfri\u00e9 y finalmente tomar. La cantidad de gotas a tomar depender\u00e1 del peso de la persona y de la afecci\u00f3n que presente.<\/p>\n<figure id=\"attachment_1144\" aria-describedby=\"caption-attachment-1144\" style=\"width: 300px\" class=\"wp-caption alignleft\"><img loading=\"lazy\" decoding=\"async\" class=\"size-medium wp-image-1144\" src=\"http:\/\/www.brujerlunar.com\/wp-content\/uploads\/2020\/01\/TinturaPlacido-Sentir-Tintura-300x100.png\" alt=\"Tintura madre Relajante\" width=\"300\" height=\"100\" \/><figcaption id=\"caption-attachment-1144\" class=\"wp-caption-text\">Las tinturas madres son extracto medicinales.<\/figcaption><\/figure>\n<p>&nbsp;<\/p>\n<p>&nbsp;<\/p>\n<p>&nbsp;<\/p>\n<p>&nbsp;<\/p>\n<p>&nbsp;<\/p>\n<p>Si tienes dudas sobre la tintura madre de placido sentir o quieres consultar sobre su administraci\u00f3n, no dudes en contactarte con nosotras.<\/p>\n[contact-form-7 404 \"No encontrado\"]\n<!-- AddThis Advanced Settings generic via filter on the_content --><!-- AddThis Share Buttons generic via filter on the_content -->","protected":false},"excerpt":{"rendered":"<p>La tintura madre placido sentir es una combinaci\u00f3n de varias hierbas pensada desde el punto de vista de la medicina china, es una combinaci\u00f3n de hierbas ying esto quiere decir que refrescan y aquietan el organismo a nivel interno. Esta muy indicada en personas que presentan un conjunto de s\u00edntomas como: Ansiedad Insomnio Emociones cambiantes [&hellip;]<!-- AddThis Advanced Settings generic via filter on get_the_excerpt --><!-- AddThis Share Buttons generic via filter on get_the_excerpt --><\/p>\n","protected":false},"featured_media":485,"comment_status":"open","ping_status":"closed","template":"","meta":{"om_disable_all_campaigns":false,"_mi_skip_tracking":false,"spay_email":"","jetpack_publicize_message":"","jetpack_is_tweetstorm":false,"jetpack_publicize_feature_enabled":true},"product_cat":[44],"product_tag":[],"class_list":["post-446","product","type-product","status-publish","has-post-thumbnail","hentry","product_cat-medicinales"],"_links":{"self":[{"href":"https:\/\/academiabrujalunar.com\/index.php\/wp-json\/wp\/v2\/product\/446","targetHints":{"allow":["GET"]}}],"collection":[{"href":"https:\/\/academiabrujalunar.com\/index.php\/wp-json\/wp\/v2\/product"}],"about":[{"href":"https:\/\/academiabrujalunar.com\/index.php\/wp-json\/wp\/v2\/types\/product"}],"replies":[{"embeddable":true,"href":"https:\/\/academiabrujalunar.com\/index.php\/wp-json\/wp\/v2\/comments?post=446"}],"wp:featuredmedia":[{"embeddable":true,"href":"https:\/\/academiabrujalunar.com\/index.php\/wp-json\/wp\/v2\/media\/485"}],"wp:attachment":[{"href":"https:\/\/academiabrujalunar.com\/index.php\/wp-json\/wp\/v2\/media?parent=446"}],"wp:term":[{"taxonomy":"product_cat","embeddable":true,"href":"https:\/\/academiabrujalunar.com\/index.php\/wp-json\/wp\/v2\/product_cat?post=446"},{"taxonomy":"product_tag","embeddable":true,"href":"https:\/\/academiabrujalunar.com\/index.php\/wp-json\/wp\/v2\/product_tag?post=446"}],"curies":[{"name":"wp","href":"https:\/\/api.w.org\/{rel}","templated":true}]}}