{"id":448,"date":"2022-02-25T22:00:06","date_gmt":"2022-02-25T22:00:06","guid":{"rendered":"https:\/\/academiabrujalunar.com\/?post_type=product&#038;p=448"},"modified":"2022-03-01T22:54:35","modified_gmt":"2022-03-01T22:54:35","slug":"tintura-madre-luna-roja","status":"publish","type":"product","link":"https:\/\/academiabrujalunar.com\/index.php\/producto\/tintura-madre-luna-roja\/","title":{"rendered":"Tintura madre Luna Roja"},"content":{"rendered":"<p>La tintura madre luna roja es una combinaci\u00f3n de hierbas pensadas desde el punto de vista de la medicina china para tratar desarreglos relacionados al ciclo menstrual y aliviar los s\u00edntomas premenstruales. Para tratar estos ultimos es recomendable comenzar a tomarla 5 d\u00edas antes de la fecha en que se estima comience la menstruaci\u00f3n, hasta el 2do d\u00eda del sangrado.<\/p>\n<p>Esta muy indicada en personas que presentan un conjunto de s\u00edntomas como:<\/p>\n<ul>\n<li>Inflamaci\u00f3n abdominal<\/li>\n<li>Flatulencias<\/li>\n<li>Cambios de humor<\/li>\n<li>Sofocos<\/li>\n<li>Dolor abdominal<\/li>\n<li>Hipoestrogenismo<\/li>\n<li>Hipomenorrea<\/li>\n<li>Amenorrea<\/li>\n<\/ul>\n<p>Seg\u00fan la medicina china muchos de las molestias que acompa\u00f1an el ciclo menstrual est\u00e1n relacionadas con el h\u00edgado, puede que te interese la <a href=\"https:\/\/www.brujerlunar.com\/producto\/tintura-madre-de-diente-de-leon\/\">Tintura Madre de Diente de Le\u00f3n<\/a>.<br \/>\nSi tienes problemas de inflamaci\u00f3n abdominal habitualmente luego de las comidas puede que te interese la t<a href=\"https:\/\/www.brujerlunar.com\/producto\/tintura-madre-de-salvia\/\">intura madre de salvia<\/a>.<\/p>\n<p>Las tinturas madres son extracto medicinales de hierbas que se utilizan v\u00eda interna, es decir que se toman. Se deben disolver previamente en media taza de agua hirviendo, luego esperar a que se enfri\u00e9 y finalmente tomar. La cantidad de gotas a tomar depender\u00e1 del peso de la persona y de la afecci\u00f3n que presente.<\/p>\n<figure id=\"attachment_1155\" aria-describedby=\"caption-attachment-1155\" style=\"width: 300px\" class=\"wp-caption alignleft\"><img loading=\"lazy\" decoding=\"async\" class=\"size-medium wp-image-1155\" src=\"http:\/\/www.brujerlunar.com\/wp-content\/uploads\/2020\/01\/Tintura-Luna-Roja-300x100.png\" alt=\"Tintura madre Luna Roja\" width=\"300\" height=\"100\" \/><figcaption id=\"caption-attachment-1155\" class=\"wp-caption-text\">Las tinturas madres son extractos medicinales.<\/figcaption><\/figure>\n<p>Si tienes dudas sobre la tintura madre luna roja o quieres consultar sobre su administraci\u00f3n, no dudes en contactarte con nosotras.<\/p>\n<p>&nbsp;<\/p>\n<p>&nbsp;<\/p>\n<p>&nbsp;<\/p>\n<p>&nbsp;<\/p>\n[contact-form-7 404 \"No encontrado\"]\n<!-- AddThis Advanced Settings generic via filter on the_content --><!-- AddThis Share Buttons generic via filter on the_content -->","protected":false},"excerpt":{"rendered":"<p>La tintura madre luna roja es una combinaci\u00f3n de hierbas pensadas desde el punto de vista de la medicina china para tratar desarreglos relacionados al ciclo menstrual y aliviar los s\u00edntomas premenstruales. Para tratar estos ultimos es recomendable comenzar a tomarla 5 d\u00edas antes de la fecha en que se estima comience la menstruaci\u00f3n, hasta [&hellip;]<!-- AddThis Advanced Settings generic via filter on get_the_excerpt --><!-- AddThis Share Buttons generic via filter on get_the_excerpt --><\/p>\n","protected":false},"featured_media":491,"comment_status":"open","ping_status":"closed","template":"","meta":{"om_disable_all_campaigns":false,"_mi_skip_tracking":false,"spay_email":"","jetpack_publicize_message":"","jetpack_is_tweetstorm":false,"jetpack_publicize_feature_enabled":true},"product_cat":[44],"product_tag":[],"class_list":["post-448","product","type-product","status-publish","has-post-thumbnail","hentry","product_cat-medicinales"],"_links":{"self":[{"href":"https:\/\/academiabrujalunar.com\/index.php\/wp-json\/wp\/v2\/product\/448","targetHints":{"allow":["GET"]}}],"collection":[{"href":"https:\/\/academiabrujalunar.com\/index.php\/wp-json\/wp\/v2\/product"}],"about":[{"href":"https:\/\/academiabrujalunar.com\/index.php\/wp-json\/wp\/v2\/types\/product"}],"replies":[{"embeddable":true,"href":"https:\/\/academiabrujalunar.com\/index.php\/wp-json\/wp\/v2\/comments?post=448"}],"wp:featuredmedia":[{"embeddable":true,"href":"https:\/\/academiabrujalunar.com\/index.php\/wp-json\/wp\/v2\/media\/491"}],"wp:attachment":[{"href":"https:\/\/academiabrujalunar.com\/index.php\/wp-json\/wp\/v2\/media?parent=448"}],"wp:term":[{"taxonomy":"product_cat","embeddable":true,"href":"https:\/\/academiabrujalunar.com\/index.php\/wp-json\/wp\/v2\/product_cat?post=448"},{"taxonomy":"product_tag","embeddable":true,"href":"https:\/\/academiabrujalunar.com\/index.php\/wp-json\/wp\/v2\/product_tag?post=448"}],"curies":[{"name":"wp","href":"https:\/\/api.w.org\/{rel}","templated":true}]}}