{"id":523,"date":"2022-02-25T22:04:05","date_gmt":"2022-02-25T22:04:05","guid":{"rendered":"https:\/\/academiabrujalunar.com\/?post_type=product&#038;p=523"},"modified":"2022-03-01T22:53:12","modified_gmt":"2022-03-01T22:53:12","slug":"aceite-de-sandalo-e-incienso","status":"publish","type":"product","link":"https:\/\/academiabrujalunar.com\/index.php\/producto\/aceite-de-sandalo-e-incienso\/","title":{"rendered":"Aceite de S\u00e1ndalo e Incienso"},"content":{"rendered":"<p>El aceite de s\u00e1ndalo e incienso esta pensado para acompa\u00f1arte en tus procesos meditativos, actividades de relajaci\u00f3n como el Yoga, o para utilizar en el d\u00eda a d\u00eda.<\/p>\n<p>Este aceite ayuda a:<br \/>\n-Purificar la energ\u00eda del cuerpo.<br \/>\n-Facilita la conexi\u00f3n espiritual.<br \/>\n-Armoniza los chakras.<br \/>\n-Conecta con el poder de creaci\u00f3n y lo propicia.<br \/>\n-Propicia y trabaja sobre la sexualidad sagrada.<\/p>\n<p>Puede utilizarse en todos los chakras, recomendamos utilizarlo especialmente en el 2do chakra.<br \/>\nIncluye pergamino con un trabajo meditativo para realizar.<\/p>\n<p>Te recomendamos combinar el aceite de s\u00e1ndalo e incienso con los <a href=\"https:\/\/www.brujerlunar.com\/producto\/sahumerios-cono-artesanales\/\">sahumerios<\/a> de s\u00e1ndalo, relajaci\u00f3n o poder personal para tener una experiencia maravillosa!<\/p>\n<!-- AddThis Advanced Settings generic via filter on the_content --><!-- AddThis Share Buttons generic via filter on the_content -->","protected":false},"excerpt":{"rendered":"<p>El aceite de s\u00e1ndalo e incienso esta pensado para acompa\u00f1arte en tus procesos meditativos, actividades de relajaci\u00f3n como el Yoga, o para utilizar en el d\u00eda a d\u00eda. Este aceite ayuda a: -Purificar la energ\u00eda del cuerpo. -Facilita la conexi\u00f3n espiritual. -Armoniza los chakras. -Conecta con el poder de creaci\u00f3n y lo propicia. -Propicia y [&hellip;]<!-- AddThis Advanced Settings generic via filter on get_the_excerpt --><!-- AddThis Share Buttons generic via filter on get_the_excerpt --><\/p>\n","protected":false},"featured_media":557,"comment_status":"open","ping_status":"closed","template":"","meta":{"om_disable_all_campaigns":false,"_mi_skip_tracking":false,"spay_email":"","jetpack_publicize_message":"","jetpack_is_tweetstorm":false,"jetpack_publicize_feature_enabled":true},"product_cat":[52],"product_tag":[],"class_list":["post-523","product","type-product","status-publish","has-post-thumbnail","hentry","product_cat-magicos-y-energeticos"],"_links":{"self":[{"href":"https:\/\/academiabrujalunar.com\/index.php\/wp-json\/wp\/v2\/product\/523","targetHints":{"allow":["GET"]}}],"collection":[{"href":"https:\/\/academiabrujalunar.com\/index.php\/wp-json\/wp\/v2\/product"}],"about":[{"href":"https:\/\/academiabrujalunar.com\/index.php\/wp-json\/wp\/v2\/types\/product"}],"replies":[{"embeddable":true,"href":"https:\/\/academiabrujalunar.com\/index.php\/wp-json\/wp\/v2\/comments?post=523"}],"wp:featuredmedia":[{"embeddable":true,"href":"https:\/\/academiabrujalunar.com\/index.php\/wp-json\/wp\/v2\/media\/557"}],"wp:attachment":[{"href":"https:\/\/academiabrujalunar.com\/index.php\/wp-json\/wp\/v2\/media?parent=523"}],"wp:term":[{"taxonomy":"product_cat","embeddable":true,"href":"https:\/\/academiabrujalunar.com\/index.php\/wp-json\/wp\/v2\/product_cat?post=523"},{"taxonomy":"product_tag","embeddable":true,"href":"https:\/\/academiabrujalunar.com\/index.php\/wp-json\/wp\/v2\/product_tag?post=523"}],"curies":[{"name":"wp","href":"https:\/\/api.w.org\/{rel}","templated":true}]}}