{"id":524,"date":"2022-02-25T22:04:05","date_gmt":"2022-02-25T22:04:05","guid":{"rendered":"https:\/\/academiabrujalunar.com\/?post_type=product&#038;p=524"},"modified":"2022-03-01T22:50:08","modified_gmt":"2022-03-01T22:50:08","slug":"aceite-de-incienso-y-azahar","status":"publish","type":"product","link":"https:\/\/academiabrujalunar.com\/index.php\/producto\/aceite-de-incienso-y-azahar\/","title":{"rendered":"Aceite de incienso y azahar"},"content":{"rendered":"<p>El aceite de incienso y azahar esta pensado para acompa\u00f1arte en tus procesos meditativos, actividades de relajaci\u00f3n como el Yoga, o para utilizar en el d\u00eda a d\u00eda. Su combinaci\u00f3n energ\u00e9tica le aporta m\u00faltiples usos.<\/p>\n<p>Este aceite ayuda a:<br \/>\n-Entrar en estados meditativos.<br \/>\n-Liberar el inconsciente.<br \/>\n-Suprimir las trabas emocionales que nos impiden avanzar.<br \/>\n-Trabajar procesos relacionados a la infancia.<br \/>\n-Atraer el estado de abundancia.<br \/>\n-Conectar con la alegr\u00eda.<\/p>\n<p>Puede utilizarse en todos los chakras, recomendamos utilizarlo especialmente en el chakra card\u00edaco.<br \/>\nIncluye un pergamino para realizar un trabajo meditativo.<\/p>\n<p>Adem\u00e1s podes combinar el aceite de incienso y azahar con el <a href=\"https:\/\/www.brujerlunar.com\/producto\/aceite-magico-ritual\/\">aceite m\u00e1gico ritual<\/a> para enraizar y conectar con la energ\u00eda de la tierra!<\/p>\n<!-- AddThis Advanced Settings generic via filter on the_content --><!-- AddThis Share Buttons generic via filter on the_content -->","protected":false},"excerpt":{"rendered":"<p>El aceite de incienso y azahar esta pensado para acompa\u00f1arte en tus procesos meditativos, actividades de relajaci\u00f3n como el Yoga, o para utilizar en el d\u00eda a d\u00eda. Su combinaci\u00f3n energ\u00e9tica le aporta m\u00faltiples usos. Este aceite ayuda a: -Entrar en estados meditativos. -Liberar el inconsciente. -Suprimir las trabas emocionales que nos impiden avanzar. -Trabajar [&hellip;]<!-- AddThis Advanced Settings generic via filter on get_the_excerpt --><!-- AddThis Share Buttons generic via filter on get_the_excerpt --><\/p>\n","protected":false},"featured_media":558,"comment_status":"open","ping_status":"closed","template":"","meta":{"om_disable_all_campaigns":false,"_mi_skip_tracking":false,"spay_email":"","jetpack_publicize_message":"","jetpack_is_tweetstorm":false,"jetpack_publicize_feature_enabled":true},"product_cat":[52],"product_tag":[],"class_list":["post-524","product","type-product","status-publish","has-post-thumbnail","hentry","product_cat-magicos-y-energeticos"],"_links":{"self":[{"href":"https:\/\/academiabrujalunar.com\/index.php\/wp-json\/wp\/v2\/product\/524","targetHints":{"allow":["GET"]}}],"collection":[{"href":"https:\/\/academiabrujalunar.com\/index.php\/wp-json\/wp\/v2\/product"}],"about":[{"href":"https:\/\/academiabrujalunar.com\/index.php\/wp-json\/wp\/v2\/types\/product"}],"replies":[{"embeddable":true,"href":"https:\/\/academiabrujalunar.com\/index.php\/wp-json\/wp\/v2\/comments?post=524"}],"wp:featuredmedia":[{"embeddable":true,"href":"https:\/\/academiabrujalunar.com\/index.php\/wp-json\/wp\/v2\/media\/558"}],"wp:attachment":[{"href":"https:\/\/academiabrujalunar.com\/index.php\/wp-json\/wp\/v2\/media?parent=524"}],"wp:term":[{"taxonomy":"product_cat","embeddable":true,"href":"https:\/\/academiabrujalunar.com\/index.php\/wp-json\/wp\/v2\/product_cat?post=524"},{"taxonomy":"product_tag","embeddable":true,"href":"https:\/\/academiabrujalunar.com\/index.php\/wp-json\/wp\/v2\/product_tag?post=524"}],"curies":[{"name":"wp","href":"https:\/\/api.w.org\/{rel}","templated":true}]}}