{"id":525,"date":"2022-02-25T22:04:06","date_gmt":"2022-02-25T22:04:06","guid":{"rendered":"https:\/\/academiabrujalunar.com\/?post_type=product&#038;p=525"},"modified":"2022-03-01T22:50:04","modified_gmt":"2022-03-01T22:50:04","slug":"aceite-magico-ritual","status":"publish","type":"product","link":"https:\/\/academiabrujalunar.com\/index.php\/producto\/aceite-magico-ritual\/","title":{"rendered":"Aceite m\u00e1gico ritual"},"content":{"rendered":"<p>El aceite m\u00e1gico ritual esta realizado para llevarte a las practicas de meditaci\u00f3n mas profundas, conect\u00e1ndote con la energ\u00eda del universo. Puede utilizarse para todo tipo de rituales, festividades, ofrendas, etc.<\/p>\n<p>Este aceite ayuda a:<\/p>\n<p>-Conectar con la magia.<br \/>\n-Reforzar hechizos y rituales.<br \/>\n-Conectar con los ancestros y pedir su asistencia.<br \/>\n-Conectar con el poder interior.<br \/>\n-Enraizar.<br \/>\n-Pedir fertilidad.<\/p>\n<p>Puede utilizarse en todos los chakras, recomendamos adem\u00e1s aplicar en la planta de los pies y en las palmas de las manos.<br \/>\nIncluye un pergamino para realizar un trabajo meditativo.<\/p>\n<p>Te recomendamos combinar el aceite m\u00e1gico ritual con el <a href=\"https:\/\/www.brujerlunar.com\/producto\/aceite-de-sandalo-e-incienso\/\">aceite de s\u00e1ndalo e incienso<\/a> para conectar con el poder personal!<\/p>\n<!-- AddThis Advanced Settings generic via filter on the_content --><!-- AddThis Share Buttons generic via filter on the_content -->","protected":false},"excerpt":{"rendered":"<p>El aceite m\u00e1gico ritual esta realizado para llevarte a las practicas de meditaci\u00f3n mas profundas, conect\u00e1ndote con la energ\u00eda del universo. Puede utilizarse para todo tipo de rituales, festividades, ofrendas, etc. Este aceite ayuda a: -Conectar con la magia. -Reforzar hechizos y rituales. -Conectar con los ancestros y pedir su asistencia. -Conectar con el poder [&hellip;]<!-- AddThis Advanced Settings generic via filter on get_the_excerpt --><!-- AddThis Share Buttons generic via filter on get_the_excerpt --><\/p>\n","protected":false},"featured_media":567,"comment_status":"open","ping_status":"closed","template":"","meta":{"om_disable_all_campaigns":false,"_mi_skip_tracking":false,"spay_email":"","jetpack_publicize_message":"","jetpack_is_tweetstorm":false,"jetpack_publicize_feature_enabled":true},"product_cat":[52],"product_tag":[],"class_list":["post-525","product","type-product","status-publish","has-post-thumbnail","hentry","product_cat-magicos-y-energeticos"],"_links":{"self":[{"href":"https:\/\/academiabrujalunar.com\/index.php\/wp-json\/wp\/v2\/product\/525","targetHints":{"allow":["GET"]}}],"collection":[{"href":"https:\/\/academiabrujalunar.com\/index.php\/wp-json\/wp\/v2\/product"}],"about":[{"href":"https:\/\/academiabrujalunar.com\/index.php\/wp-json\/wp\/v2\/types\/product"}],"replies":[{"embeddable":true,"href":"https:\/\/academiabrujalunar.com\/index.php\/wp-json\/wp\/v2\/comments?post=525"}],"wp:featuredmedia":[{"embeddable":true,"href":"https:\/\/academiabrujalunar.com\/index.php\/wp-json\/wp\/v2\/media\/567"}],"wp:attachment":[{"href":"https:\/\/academiabrujalunar.com\/index.php\/wp-json\/wp\/v2\/media?parent=525"}],"wp:term":[{"taxonomy":"product_cat","embeddable":true,"href":"https:\/\/academiabrujalunar.com\/index.php\/wp-json\/wp\/v2\/product_cat?post=525"},{"taxonomy":"product_tag","embeddable":true,"href":"https:\/\/academiabrujalunar.com\/index.php\/wp-json\/wp\/v2\/product_tag?post=525"}],"curies":[{"name":"wp","href":"https:\/\/api.w.org\/{rel}","templated":true}]}}