{"id":536,"date":"2022-02-25T22:04:40","date_gmt":"2022-02-25T22:04:40","guid":{"rendered":"https:\/\/academiabrujalunar.com\/?post_type=product&#038;p=536"},"modified":"2022-03-01T22:50:01","modified_gmt":"2022-03-01T22:50:01","slug":"aceite-para-centrar","status":"publish","type":"product","link":"https:\/\/academiabrujalunar.com\/index.php\/producto\/aceite-para-centrar\/","title":{"rendered":"Aceite para centrar"},"content":{"rendered":"<p>El aceite m\u00e1gico para centrar el esp\u00edritu y tener claridad ps\u00edquica esta ritualizado y consagrado para ayudarte en momentos de necesidad. Es un aceite que te permite esclarecer la mente y centrarte en lo verdaderamente importante.<\/p>\n<p>Este aceite ayuda a:<br \/>\n-Reequilibrar el campo energ\u00e9tico y los chakras.<br \/>\n-Tener fuerza y valor.<br \/>\n-Conectar con la alegr\u00eda.<br \/>\n-Superar obst\u00e1culos.<br \/>\n-Tener claridad ps\u00edquica<br \/>\n-Propicia las visiones.<\/p>\n<p>Te recomendamos utilizar este aceite en todos los chakras, especialmente en la base de la nuca, tercer ojo, planta de los pies y palmas de las manos.<br \/>\nIncluye un pergamino con informaci\u00f3n sobre el mismo que puede ayudarte en tu trabajo espiritual.<\/p>\n<p>Te recomendamos combinar el aceite m\u00e1gico para centrar el esp\u00edritu con el <a href=\"https:\/\/www.brujerlunar.com\/producto\/aceite-magico-ritual\/\">aceite m\u00e1gico ritual<\/a> para enraizar y conectar con el poder de la tierra.<\/p>\n<!-- AddThis Advanced Settings generic via filter on the_content --><!-- AddThis Share Buttons generic via filter on the_content -->","protected":false},"excerpt":{"rendered":"<p>El aceite m\u00e1gico para centrar el esp\u00edritu y tener claridad ps\u00edquica esta ritualizado y consagrado para ayudarte en momentos de necesidad. Es un aceite que te permite esclarecer la mente y centrarte en lo verdaderamente importante. Este aceite ayuda a: -Reequilibrar el campo energ\u00e9tico y los chakras. -Tener fuerza y valor. -Conectar con la alegr\u00eda. [&hellip;]<!-- AddThis Advanced Settings generic via filter on get_the_excerpt --><!-- AddThis Share Buttons generic via filter on get_the_excerpt --><\/p>\n","protected":false},"featured_media":568,"comment_status":"open","ping_status":"closed","template":"","meta":{"om_disable_all_campaigns":false,"_mi_skip_tracking":false,"spay_email":"","jetpack_publicize_message":"","jetpack_is_tweetstorm":false,"jetpack_publicize_feature_enabled":true},"product_cat":[52],"product_tag":[],"class_list":["post-536","product","type-product","status-publish","has-post-thumbnail","hentry","product_cat-magicos-y-energeticos"],"_links":{"self":[{"href":"https:\/\/academiabrujalunar.com\/index.php\/wp-json\/wp\/v2\/product\/536","targetHints":{"allow":["GET"]}}],"collection":[{"href":"https:\/\/academiabrujalunar.com\/index.php\/wp-json\/wp\/v2\/product"}],"about":[{"href":"https:\/\/academiabrujalunar.com\/index.php\/wp-json\/wp\/v2\/types\/product"}],"replies":[{"embeddable":true,"href":"https:\/\/academiabrujalunar.com\/index.php\/wp-json\/wp\/v2\/comments?post=536"}],"wp:featuredmedia":[{"embeddable":true,"href":"https:\/\/academiabrujalunar.com\/index.php\/wp-json\/wp\/v2\/media\/568"}],"wp:attachment":[{"href":"https:\/\/academiabrujalunar.com\/index.php\/wp-json\/wp\/v2\/media?parent=536"}],"wp:term":[{"taxonomy":"product_cat","embeddable":true,"href":"https:\/\/academiabrujalunar.com\/index.php\/wp-json\/wp\/v2\/product_cat?post=536"},{"taxonomy":"product_tag","embeddable":true,"href":"https:\/\/academiabrujalunar.com\/index.php\/wp-json\/wp\/v2\/product_tag?post=536"}],"curies":[{"name":"wp","href":"https:\/\/api.w.org\/{rel}","templated":true}]}}