{"id":539,"date":"2022-02-25T22:04:40","date_gmt":"2022-02-25T22:04:40","guid":{"rendered":"https:\/\/academiabrujalunar.com\/?post_type=product&#038;p=539"},"modified":"2022-03-01T22:54:43","modified_gmt":"2022-03-01T22:54:43","slug":"tintura-madre-de-tomillo","status":"publish","type":"product","link":"https:\/\/academiabrujalunar.com\/index.php\/producto\/tintura-madre-de-tomillo\/","title":{"rendered":"Tintura madre de Tomillo"},"content":{"rendered":"<p>La tintura madre de tomillo es considerada en la medicina china como hierba yang, esto quiere decir que propicia y activa la energ\u00eda del organismo. Se utiliza principalmente por su gran poder bactericida y antif\u00fangico, adem\u00e1s gracias a su aporte de hierro al org\u00e1nismo hace que estemos m\u00e1s fuertes ante cualquier pat\u00f3geno que pueda enfermarnos.<\/p>\n<p>Propiedades:<\/p>\n<ul>\n<li>Levanta las defensas<\/li>\n<li>Antibi\u00f3tico<\/li>\n<li>Desinfectante<\/li>\n<li>B\u00e1lsamico<\/li>\n<li>Trata las v\u00edas respiratorias<\/li>\n<li>Favorece la digesti\u00f3n<\/li>\n<li>Antiflatulenta<\/li>\n<li>Antian\u00e9mica<\/li>\n<\/ul>\n<p>Esta indicada en casos de:<\/p>\n<ul>\n<li>Gripes o resfriados, especialmente si se a tomado fri\u00f3<\/li>\n<li>Infecciones respiratorias<\/li>\n<li>Asma<\/li>\n<li>Mala absorci\u00f3n de nutrientes<\/li>\n<li>Candidiasis<\/li>\n<li>An\u00e9mia<\/li>\n<li>Debilidad corporal<\/li>\n<\/ul>\n<p>Si sueles tener afecciones respiratorias puede que te interese la <a href=\"https:\/\/www.brujerlunar.com\/producto\/tintura-madre-de-ventisca\/\">Tintura Madre Ventisca<\/a>. O si consideras que eres una persona enfermiza puede que te interese la <a href=\"https:\/\/www.brujerlunar.com\/producto\/tintura-madre-de-equinacea\/\">Tintura Madre de Equinacea<\/a>.<\/p>\n<p>Las tinturas madres son extracto medicinales de hierbas que se utilizan v\u00eda interna, es decir que se toman. Se deben disolver previamente en media taza de agua hirviendo, luego esperar a que se enfri\u00e9 y finalmente tomar. La cantidad de gotas a tomar depender\u00e1 del peso de la persona y de la afecci\u00f3n que presente.<\/p>\n<p>&nbsp;<\/p>\n<p><img loading=\"lazy\" decoding=\"async\" class=\"alignnone size-medium wp-image-1862\" src=\"http:\/\/www.brujerlunar.com\/wp-content\/uploads\/2020\/04\/tintura-tomillo-300x100.png\" alt=\"Tintura madre de tomillo\" width=\"300\" height=\"100\" \/><\/p>\n<p>Las tinturas madres son extractos medicinales.<\/p>\n<p>Si tienes dudas sobre la tintura madre de tomillo o quieres consultar sobre su administraci\u00f3n, no dudes en contactarte con nosotras.<\/p>\n[contact-form-7 404 \"No encontrado\"]\n<!-- AddThis Advanced Settings generic via filter on the_content --><!-- AddThis Share Buttons generic via filter on the_content -->","protected":false},"excerpt":{"rendered":"<p>La tintura madre de tomillo es considerada en la medicina china como hierba yang, esto quiere decir que propicia y activa la energ\u00eda del organismo. Se utiliza principalmente por su gran poder bactericida y antif\u00fangico, adem\u00e1s gracias a su aporte de hierro al org\u00e1nismo hace que estemos m\u00e1s fuertes ante cualquier pat\u00f3geno que pueda enfermarnos. [&hellip;]<!-- AddThis Advanced Settings generic via filter on get_the_excerpt --><!-- AddThis Share Buttons generic via filter on get_the_excerpt --><\/p>\n","protected":false},"featured_media":569,"comment_status":"open","ping_status":"closed","template":"","meta":{"om_disable_all_campaigns":false,"_mi_skip_tracking":false,"spay_email":"","jetpack_publicize_message":"","jetpack_is_tweetstorm":false,"jetpack_publicize_feature_enabled":true},"product_cat":[44],"product_tag":[],"class_list":["post-539","product","type-product","status-publish","has-post-thumbnail","hentry","product_cat-medicinales"],"_links":{"self":[{"href":"https:\/\/academiabrujalunar.com\/index.php\/wp-json\/wp\/v2\/product\/539","targetHints":{"allow":["GET"]}}],"collection":[{"href":"https:\/\/academiabrujalunar.com\/index.php\/wp-json\/wp\/v2\/product"}],"about":[{"href":"https:\/\/academiabrujalunar.com\/index.php\/wp-json\/wp\/v2\/types\/product"}],"replies":[{"embeddable":true,"href":"https:\/\/academiabrujalunar.com\/index.php\/wp-json\/wp\/v2\/comments?post=539"}],"wp:featuredmedia":[{"embeddable":true,"href":"https:\/\/academiabrujalunar.com\/index.php\/wp-json\/wp\/v2\/media\/569"}],"wp:attachment":[{"href":"https:\/\/academiabrujalunar.com\/index.php\/wp-json\/wp\/v2\/media?parent=539"}],"wp:term":[{"taxonomy":"product_cat","embeddable":true,"href":"https:\/\/academiabrujalunar.com\/index.php\/wp-json\/wp\/v2\/product_cat?post=539"},{"taxonomy":"product_tag","embeddable":true,"href":"https:\/\/academiabrujalunar.com\/index.php\/wp-json\/wp\/v2\/product_tag?post=539"}],"curies":[{"name":"wp","href":"https:\/\/api.w.org\/{rel}","templated":true}]}}