{"id":786,"date":"2022-02-28T15:52:58","date_gmt":"2022-02-28T15:52:58","guid":{"rendered":"https:\/\/academiabrujalunar.com\/?post_type=product&#038;p=786"},"modified":"2022-03-08T15:03:34","modified_gmt":"2022-03-08T15:03:34","slug":"practicas-y-herbalismo-magico-de-otono","status":"publish","type":"product","link":"https:\/\/academiabrujalunar.com\/index.php\/producto\/practicas-y-herbalismo-magico-de-otono\/","title":{"rendered":"Pr\u00e1cticas y Herbalismo m\u00e1gico de Oto\u00f1o"},"content":{"rendered":"<p><em><strong>Inicio 16 de Marzo &#8211; Presentaci\u00f3n<\/p>\n<p><\/strong><\/em><span style=\"font-weight: 400;\">Esta formaci\u00f3n re\u00fane todo lo que necesitas saber para avanzar en tu camino m\u00e1gico!\u00a0 \u00a0 \u00a0 \u00a0 \u00a0 \u00a0 \u00a0 \u00a0 \u00a0 \u00a0 \u00a0 \u00a0 \u00a0 \u00a0 \u00a0 \u00a0 \u00a0 \u00a0 \u00a0 \u00a0 \u00a0 \u00a0 \u00a0 \u00a0 \u00a0 \u00a0 \u00a0 \u00a0 \u00a0 \u00a0 \u00a0 \u00a0 \u00a0 \u00a0 \u00a0 \u00a0 \u00a0 \u00a0 \u00a0 \u00a0 \u00a0 <\/span><span style=\"font-weight: 400;\">Es una experiencia transformadora en la que:<\/span><\/p>\n<ul>\n<li style=\"font-weight: 400;\" aria-level=\"1\"><span style=\"font-weight: 400;\">A traves de contenido te\u00f3rico pero tambi\u00e9n pr\u00e1ctico podr\u00e1s ver el mundo con una mirada diferente y transformar tu realidad.\u00a0<\/span><\/li>\n<li style=\"font-weight: 400;\" aria-level=\"1\"><span style=\"font-weight: 400;\">Trabajar con las hierbas a nivel m\u00e1gico, con una mirada integral sobre el herbalismo y la bot\u00e1nica oculta.\u00a0<\/span><\/li>\n<li style=\"font-weight: 400;\" aria-level=\"1\"><span style=\"font-weight: 400;\">Realizar meditaciones, pr\u00e1cticas rituales y conectar con la energ\u00eda de la naturaleza a un nivel profundo!<\/span><\/li>\n<\/ul>\n<p><span style=\"font-weight: 400;\">\ud83d\udcccAdem\u00e1s te propongo diversas t\u00e9cnicas para desarrollar tu poder personal, sanar y purificar los bloqueos energ\u00e9ticos as\u00ed como desarrollar la intuici\u00f3n.<\/span><\/p>\n<p><i><b><img loading=\"lazy\" decoding=\"async\" class=\"wp-image-919 alignleft\" src=\"https:\/\/academiabrujalunar.com\/wp-content\/uploads\/2022\/02\/Medios-de-pago-disponibles-300x300.png\" alt=\"\" width=\"267\" height=\"267\" srcset=\"https:\/\/academiabrujalunar.com\/wp-content\/uploads\/2022\/02\/Medios-de-pago-disponibles-300x300.png 300w, https:\/\/academiabrujalunar.com\/wp-content\/uploads\/2022\/02\/Medios-de-pago-disponibles-1024x1024.png 1024w, https:\/\/academiabrujalunar.com\/wp-content\/uploads\/2022\/02\/Medios-de-pago-disponibles-150x150.png 150w, https:\/\/academiabrujalunar.com\/wp-content\/uploads\/2022\/02\/Medios-de-pago-disponibles-768x768.png 768w, https:\/\/academiabrujalunar.com\/wp-content\/uploads\/2022\/02\/Medios-de-pago-disponibles-324x324.png 324w, https:\/\/academiabrujalunar.com\/wp-content\/uploads\/2022\/02\/Medios-de-pago-disponibles-416x416.png 416w, https:\/\/academiabrujalunar.com\/wp-content\/uploads\/2022\/02\/Medios-de-pago-disponibles-100x100.png 100w, https:\/\/academiabrujalunar.com\/wp-content\/uploads\/2022\/02\/Medios-de-pago-disponibles.png 1080w\" sizes=\"auto, (max-width: 267px) 100vw, 267px\" \/>\u00a0<\/b><\/i><\/p>\n<p><b>Al momento de finalizar la compra desde el carrito podr\u00e1s elegir las diversas opciones de pago disponibles, all\u00ed mismo se te brindar\u00e1n todos los datos\u00a0<\/b><b>para poder realizar el pago.\u00a0<\/b><\/p>\n<p>&nbsp;<\/p>\n<p>&nbsp;<\/p>\n<p>&nbsp;<\/p>\n<h4><strong><i>Temario\u00a0<\/i><\/strong><\/h4>\n<p><b><i>M\u00f3dulo 1<\/i><\/b><b><i>\u00a0<\/i><\/b><\/p>\n<p><span style=\"font-weight: 400;\">-Protecciones energ\u00e9ticas<\/span><span style=\"font-weight: 400;\"><br \/>\n<\/span><span style=\"font-weight: 400;\">-Altar de Oto\u00f1o<\/span><span style=\"font-weight: 400;\"><br \/>\n<\/span><span style=\"font-weight: 400;\">-Pr\u00e1cticas m\u00e1gicas de Oto\u00f1o parte 1<\/span><span style=\"font-weight: 400;\"><br \/>\n<\/span><span style=\"font-weight: 400;\">-Sintonizaciones energ\u00e9ticas<\/span><span style=\"font-weight: 400;\"><br \/>\n<\/span><span style=\"font-weight: 400;\">-Consagraciones<\/span><span style=\"font-weight: 400;\"><br \/>\n<\/span><span style=\"font-weight: 400;\">-Propuesta de trabajo activo<\/span><\/p>\n<p><b><i>M\u00f3dulo 2<\/i><\/b><span style=\"font-weight: 400;\"><br \/>\n<\/span><span style=\"font-weight: 400;\"><br \/>\n<\/span><span style=\"font-weight: 400;\">-Deidades de la \u00e9poca parte 1<\/span><span style=\"font-weight: 400;\"><br \/>\n<\/span><span style=\"font-weight: 400;\">-Hierbas parte 1<\/span><span style=\"font-weight: 400;\"><br \/>\n<\/span><span style=\"font-weight: 400;\">-Preparados alqu\u00edmicos: sales, aceites, pociones parte 1<\/span><span style=\"font-weight: 400;\"><br \/>\n<\/span><span style=\"font-weight: 400;\">-T\u00e9cnicas de sanaci\u00f3n y purificaci\u00f3n<\/span><span style=\"font-weight: 400;\"><br \/>\n<\/span><span style=\"font-weight: 400;\">-Trabajo lunar<\/span><\/p>\n<p><b><i>M\u00f3dulo 3<\/i><\/b><\/p>\n<p><span style=\"font-weight: 400;\">-Hierbas parte 2<\/span><span style=\"font-weight: 400;\"><br \/>\n<\/span><span style=\"font-weight: 400;\">-Preparados alqu\u00edmicos amuletos, botellas, sal de bruja especial. <\/span><span style=\"font-weight: 400;\"><br \/>\n<\/span><span style=\"font-weight: 400;\">-Pr\u00e1cticas m\u00e1gicas de Oto\u00f1o parte 2<\/span><span style=\"font-weight: 400;\"><br \/>\n<\/span><span style=\"font-weight: 400;\">-Deidades de la \u00e9poca parte 2<\/span><span style=\"font-weight: 400;\"><br \/>\n<\/span><span style=\"font-weight: 400;\">-Propuesta de trabajo activo<\/span><\/p>\n<p><b><i>M\u00f3dulo 4<\/i><\/b><span style=\"font-weight: 400;\"><br \/>\n<\/span><span style=\"font-weight: 400;\"><br \/>\n<\/span><span style=\"font-weight: 400;\">-T\u00e9cnicas de transmutaci\u00f3n<\/span><span style=\"font-weight: 400;\"><br \/>\n<\/span><span style=\"font-weight: 400;\">-Hierbas parte 3<\/span><span style=\"font-weight: 400;\"><br \/>\n<\/span><span style=\"font-weight: 400;\">-Preparados alqu\u00edmicos: sales, aceites, pociones parte 2<\/span><span style=\"font-weight: 400;\"><br \/>\n<\/span><span style=\"font-weight: 400;\">-Trabajo on\u00edrico<\/span><span style=\"font-weight: 400;\"><br \/>\n<\/span><span style=\"font-weight: 400;\">-Trabajo lunar<\/span><span style=\"font-weight: 400;\"><br \/>\n<\/span><span style=\"font-weight: 400;\">-Pr\u00e1cticas personales<\/span><\/p>\n<p><strong>Valores de intercambio\u00a0<\/strong><\/p>\n<p><span style=\"font-weight: 400;\">Promoci\u00f3n pago \u00fanico de $70 (d\u00f3lares) o dos pagos de $40 (d\u00f3lares)<\/span><span style=\"font-weight: 400;\"><br \/>\n<\/span><span style=\"font-weight: 400;\"><br \/>\n<\/span><span style=\"font-weight: 400;\">Podes abonar con tu moneda local, estos son los valores aproximados para cada pa\u00eds, puede variar seg\u00fan la cotizaci\u00f3n de cada moneda.<\/span><\/p>\n<ul>\n<li style=\"font-weight: 400;\" aria-level=\"1\"><span style=\"font-weight: 400;\">Argentina pago \u00fanico $8000, o dos pagos de $4000<\/span><\/li>\n<li style=\"font-weight: 400;\" aria-level=\"1\"><span style=\"font-weight: 400;\">Uruguay pago \u00fanico $2960, o dos pagos de $1690<\/span><\/li>\n<li style=\"font-weight: 400;\" aria-level=\"1\"><span style=\"font-weight: 400;\">Chile pago \u00fanico $56200, o dos pagos de $32115<\/span><\/li>\n<li style=\"font-weight: 400;\" aria-level=\"1\"><span style=\"font-weight: 400;\">Ecuador pago \u00fanico $70, o dos pagos de $40<\/span><\/li>\n<li style=\"font-weight: 400;\" aria-level=\"1\"><span style=\"font-weight: 400;\">Colombia pago \u00fanico $274030, o dos pagos de $156590<\/span><\/li>\n<li style=\"font-weight: 400;\" aria-level=\"1\"><span style=\"font-weight: 400;\">Per\u00fa pago \u00fanico $266, o dos pagos de $152<\/span><\/li>\n<li style=\"font-weight: 400;\" aria-level=\"1\"><span style=\"font-weight: 400;\">M\u00e9xico pago \u00fanico $1432, o dos pagos de $818,20<\/span><\/li>\n<li style=\"font-weight: 400;\" aria-level=\"1\"><span style=\"font-weight: 400;\">Espa\u00f1a pago \u00fanico <\/span><span style=\"font-weight: 400;\">\u20ac<\/span><span style=\"font-weight: 400;\"> 62,53, o dos pagos de \u20ac 35,73<\/span><\/li>\n<\/ul>\n<p><span style=\"font-weight: 400;\">\ud83d\udcccSi estas en Argentina o Colombia podes abonar a traves de transferencia bancaria directa.<\/span><span style=\"font-weight: 400;\"><br \/>\n<\/span><span style=\"font-weight: 400;\">\ud83d\udcccSi est\u00e1s en cualquiera de los otros pa\u00edses podes abonar a trav\u00e9s de Wester-Union, <\/span><span style=\"font-weight: 400;\"><br \/>\n<\/span><span style=\"font-weight: 400;\">Paypal o Prex.<\/span><\/p>\n<p><span style=\"font-weight: 400;\">Al finalizar la formaci\u00f3n hay un peque\u00f1o cuestionario, una vez resuelto se entrega la certificaci\u00f3n por haber tomado el curso. La misma se realiza con nombre, apellido, n\u00famero de identificaci\u00f3n de la persona y mi firma!!!<\/span><span style=\"font-weight: 400;\"><br \/>\n<\/span><span style=\"font-weight: 400;\"><br \/>\n<\/span><span style=\"font-weight: 400;\">Recorda que los cupos son limitados <\/span><span style=\"font-weight: 400;\"><br \/>\n<\/span><span style=\"font-weight: 400;\">para poder brindarte el mejor asesoramiento!!<\/span><span style=\"font-weight: 400;\"><br \/>\n<\/span><\/p>\n<p>&nbsp;<\/p>\n<!-- AddThis Advanced Settings generic via filter on the_content --><!-- AddThis Share Buttons generic via filter on the_content -->","protected":false},"excerpt":{"rendered":"<p>Inicio 16 de Marzo &#8211; Presentaci\u00f3n Esta formaci\u00f3n re\u00fane todo lo que necesitas saber para avanzar en tu camino m\u00e1gico!\u00a0 \u00a0 \u00a0 \u00a0 \u00a0 \u00a0 \u00a0 \u00a0 \u00a0 \u00a0 \u00a0 \u00a0 \u00a0 \u00a0 \u00a0 \u00a0 \u00a0 \u00a0 \u00a0 \u00a0 \u00a0 \u00a0 \u00a0 \u00a0 \u00a0 \u00a0 \u00a0 \u00a0 \u00a0 \u00a0 \u00a0 \u00a0 \u00a0 \u00a0 \u00a0 \u00a0 [&hellip;]<!-- AddThis Advanced Settings generic via filter on get_the_excerpt --><!-- AddThis Share Buttons generic via filter on get_the_excerpt --><\/p>\n","protected":false},"featured_media":790,"comment_status":"open","ping_status":"closed","template":"","meta":{"om_disable_all_campaigns":false,"_mi_skip_tracking":false,"spay_email":"","jetpack_publicize_message":"","jetpack_is_tweetstorm":false,"jetpack_publicize_feature_enabled":true},"product_cat":[58],"product_tag":[],"class_list":["post-786","product","type-product","status-publish","has-post-thumbnail","hentry","product_cat-cursos"],"_links":{"self":[{"href":"https:\/\/academiabrujalunar.com\/index.php\/wp-json\/wp\/v2\/product\/786","targetHints":{"allow":["GET"]}}],"collection":[{"href":"https:\/\/academiabrujalunar.com\/index.php\/wp-json\/wp\/v2\/product"}],"about":[{"href":"https:\/\/academiabrujalunar.com\/index.php\/wp-json\/wp\/v2\/types\/product"}],"replies":[{"embeddable":true,"href":"https:\/\/academiabrujalunar.com\/index.php\/wp-json\/wp\/v2\/comments?post=786"}],"wp:featuredmedia":[{"embeddable":true,"href":"https:\/\/academiabrujalunar.com\/index.php\/wp-json\/wp\/v2\/media\/790"}],"wp:attachment":[{"href":"https:\/\/academiabrujalunar.com\/index.php\/wp-json\/wp\/v2\/media?parent=786"}],"wp:term":[{"taxonomy":"product_cat","embeddable":true,"href":"https:\/\/academiabrujalunar.com\/index.php\/wp-json\/wp\/v2\/product_cat?post=786"},{"taxonomy":"product_tag","embeddable":true,"href":"https:\/\/academiabrujalunar.com\/index.php\/wp-json\/wp\/v2\/product_tag?post=786"}],"curies":[{"name":"wp","href":"https:\/\/api.w.org\/{rel}","templated":true}]}}