{"id":818,"date":"2022-02-28T17:36:32","date_gmt":"2022-02-28T17:36:32","guid":{"rendered":"https:\/\/academiabrujalunar.com\/?post_type=product&#038;p=818"},"modified":"2023-07-20T13:16:12","modified_gmt":"2023-07-20T13:16:12","slug":"formacion-magica-los-cuatro-elementos","status":"publish","type":"product","link":"https:\/\/academiabrujalunar.com\/index.php\/producto\/formacion-magica-los-cuatro-elementos\/","title":{"rendered":"Formaci\u00f3n m\u00e1gica &#8211; Los cuatro Elementos"},"content":{"rendered":"<h3><span style=\"color: #000000;\">Inscripciones Abiertas &#8211; Inicio 18 de Mayo<\/span><\/h3>\n<p><em><span style=\"font-weight: 400;\"><strong>Presentaci\u00f3n<\/strong> <\/span><\/em><\/p>\n<p><span style=\"font-weight: 400;\">Esta formaci\u00f3n te lleva a trabajar en conexi\u00f3n profunda con la energ\u00eda de la naturaleza y los cuatro Elementos.<\/span><\/p>\n<p><span style=\"font-weight: 400;\">Es una experiencia transformadora en la que:<\/span><\/p>\n<ul>\n<li style=\"font-weight: 400;\" aria-level=\"1\"><span style=\"font-weight: 400;\">A trav\u00e9s de contenido te\u00f3rico y mucho contenido pr\u00e1ctico podr\u00e1s equilibrar y potenciar la energ\u00eda de los cuatro Elementos en tu ser.<\/span><\/li>\n<li style=\"font-weight: 400;\" aria-level=\"1\"><span style=\"font-weight: 400;\">Trabajar con los elementos para la sanaci\u00f3n, purificaci\u00f3n y transformaci\u00f3n de tu realidad as\u00ed como la de otras personas.<\/span><\/li>\n<li style=\"font-weight: 400;\" aria-level=\"1\"><span style=\"font-weight: 400;\">Realizar meditaciones, preparados diversos y conocer ceremonias de consagraci\u00f3n y sanaci\u00f3n.<\/span><\/li>\n<\/ul>\n<p><span style=\"font-weight: 400;\">\ud83d\udcccAdem\u00e1s podr\u00e1s conocer c\u00f3mo conectar con los seres del mundo fe\u00e9rico e invocarlos en tus pr\u00e1cticas para que te asistan y acompa\u00f1en.<\/span><\/p>\n<p><em><strong>Modalidad\u00a0<\/strong><\/em><\/p>\n<p><span style=\"font-weight: 400;\">Si bien el curso es online, busco que la experiencia sea lo m\u00e1s cercana a una formaci\u00f3n presencial y algo que me caracteriza es la disponibilidad para resolver cualquier duda o inquietud.<\/span><\/p>\n<p><span style=\"font-weight: 400;\">La duraci\u00f3n es de 8 semanas! Se entrega certificado al finalizar!<\/span><span style=\"font-weight: 400;\"><br \/>\n<\/span><span style=\"font-weight: 400;\"><br \/>\n<\/span><span style=\"font-weight: 400;\">Incluye:<\/span><\/p>\n<ul>\n<li aria-level=\"1\">Plataforma de estudio Classroom<\/li>\n<li style=\"font-weight: 400;\" aria-level=\"1\"><span style=\"font-weight: 400;\">Material te\u00f3rico PDF<\/span><\/li>\n<li style=\"font-weight: 400;\" aria-level=\"1\"><span style=\"font-weight: 400;\">V\u00eddeo clases pregrabadas todas las semanas<\/span><\/li>\n<li style=\"font-weight: 400;\" aria-level=\"1\"><span style=\"font-weight: 400;\">4 clases en vivo de 2hs aproximadamente, a trav\u00e9s de google meet.<\/span><\/li>\n<li style=\"font-weight: 400;\" aria-level=\"1\"><span style=\"font-weight: 400;\">Meditaciones en archivo mp3\u00a0<\/span><\/li>\n<li style=\"font-weight: 400;\" aria-level=\"1\"><span style=\"font-weight: 400;\">Grupo de apoyo y consulta a trav\u00e9s de plataformas de estudio y redes sociales.\u00a0<\/span><\/li>\n<\/ul>\n<p><span style=\"font-weight: 400;\">\ud83d\udccc El material se sube al grupo de estudio de forma semanal y queda disponible para que puedas verlo y descargarlo seg\u00fan tus tiempos. <\/span><span style=\"font-weight: 400;\"><br \/>\n<\/span><span style=\"font-weight: 400;\">\ud83d\udcccEl material es abundante aconsejo no atrasarse mucho en la revisi\u00f3n del mismo!!!<\/span><\/p>\n<p><em><strong>Temario\u00a0<\/strong><\/em><\/p>\n<p><span style=\"font-weight: 400;\">-Preparados alqu\u00edmicos: velas, sprays \u00e1uricos, sales, amuletos, sahumos, infusiones y m\u00e1s.<\/span><span style=\"font-weight: 400;\"><br \/>\n<\/span><span style=\"font-weight: 400;\"><br \/>\n<\/span><span style=\"font-weight: 400;\">-Altares<\/span><span style=\"font-weight: 400;\"><br \/>\n<\/span><span style=\"font-weight: 400;\"><br \/>\n<\/span><span style=\"font-weight: 400;\">-Rituales<\/span><span style=\"font-weight: 400;\"><br \/>\n<\/span><span style=\"font-weight: 400;\"><br \/>\n<\/span><span style=\"font-weight: 400;\">-Meditaciones<\/span><span style=\"font-weight: 400;\"><br \/>\n<\/span><span style=\"font-weight: 400;\"><br \/>\n<\/span><span style=\"font-weight: 400;\">-Magia de curaci\u00f3n con hierbas y <\/span><span style=\"font-weight: 400;\"><br \/>\n<\/span><span style=\"font-weight: 400;\">con t\u00e9cnicas de sanaci\u00f3n.<\/span><span style=\"font-weight: 400;\"><br \/>\n<\/span><span style=\"font-weight: 400;\"><br \/>\n<\/span><span style=\"font-weight: 400;\">-Magia de abundancia<\/span><span style=\"font-weight: 400;\"><br \/>\n<\/span><span style=\"font-weight: 400;\"><br \/>\n<\/span><span style=\"font-weight: 400;\">-Magia de protecci\u00f3n<\/span><span style=\"font-weight: 400;\"><br \/>\n<\/span><span style=\"font-weight: 400;\"><br \/>\n<\/span><span style=\"font-weight: 400;\">-Magia de limpieza energ\u00e9tica<\/span><\/p>\n<p><span style=\"font-weight: 400;\">Magia de transmutaci\u00f3n<\/span><span style=\"font-weight: 400;\"><br \/>\n<\/span><span style=\"font-weight: 400;\"><br \/>\n<\/span><span style=\"font-weight: 400;\">-Desarrollo de la intuici\u00f3n<\/span><span style=\"font-weight: 400;\"><br \/>\n<\/span><span style=\"font-weight: 400;\"><br \/>\n<\/span><span style=\"font-weight: 400;\">-Equilibrio de los elementos a trav\u00e9s del uso de hierbas.<\/span><span style=\"font-weight: 400;\"><br \/>\n<\/span><span style=\"font-weight: 400;\"><br \/>\n<\/span><span style=\"font-weight: 400;\">-Seres fe\u00e9ricos o elementales<\/span><\/p>\n<!-- AddThis Advanced Settings generic via filter on the_content --><!-- AddThis Share Buttons generic via filter on the_content -->","protected":false},"excerpt":{"rendered":"<p>Inscripciones Abiertas &#8211; Inicio 18 de Mayo Presentaci\u00f3n Esta formaci\u00f3n te lleva a trabajar en conexi\u00f3n profunda con la energ\u00eda de la naturaleza y los cuatro Elementos. Es una experiencia transformadora en la que: A trav\u00e9s de contenido te\u00f3rico y mucho contenido pr\u00e1ctico podr\u00e1s equilibrar y potenciar la energ\u00eda de los cuatro Elementos en tu [&hellip;]<!-- AddThis Advanced Settings generic via filter on get_the_excerpt --><!-- AddThis Share Buttons generic via filter on get_the_excerpt --><\/p>\n","protected":false},"featured_media":1014,"comment_status":"open","ping_status":"closed","template":"","meta":{"om_disable_all_campaigns":false,"_mi_skip_tracking":false,"spay_email":"","jetpack_publicize_message":"","jetpack_is_tweetstorm":false,"jetpack_publicize_feature_enabled":true},"product_cat":[58],"product_tag":[],"class_list":["post-818","product","type-product","status-publish","has-post-thumbnail","hentry","product_cat-cursos"],"_links":{"self":[{"href":"https:\/\/academiabrujalunar.com\/index.php\/wp-json\/wp\/v2\/product\/818","targetHints":{"allow":["GET"]}}],"collection":[{"href":"https:\/\/academiabrujalunar.com\/index.php\/wp-json\/wp\/v2\/product"}],"about":[{"href":"https:\/\/academiabrujalunar.com\/index.php\/wp-json\/wp\/v2\/types\/product"}],"replies":[{"embeddable":true,"href":"https:\/\/academiabrujalunar.com\/index.php\/wp-json\/wp\/v2\/comments?post=818"}],"wp:featuredmedia":[{"embeddable":true,"href":"https:\/\/academiabrujalunar.com\/index.php\/wp-json\/wp\/v2\/media\/1014"}],"wp:attachment":[{"href":"https:\/\/academiabrujalunar.com\/index.php\/wp-json\/wp\/v2\/media?parent=818"}],"wp:term":[{"taxonomy":"product_cat","embeddable":true,"href":"https:\/\/academiabrujalunar.com\/index.php\/wp-json\/wp\/v2\/product_cat?post=818"},{"taxonomy":"product_tag","embeddable":true,"href":"https:\/\/academiabrujalunar.com\/index.php\/wp-json\/wp\/v2\/product_tag?post=818"}],"curies":[{"name":"wp","href":"https:\/\/api.w.org\/{rel}","templated":true}]}}