{"id":823,"date":"2022-02-28T17:51:44","date_gmt":"2022-02-28T17:51:44","guid":{"rendered":"https:\/\/academiabrujalunar.com\/?post_type=product&#038;p=823"},"modified":"2023-07-20T17:52:11","modified_gmt":"2023-07-20T17:52:11","slug":"practicas-magicas-y-herbalismo-formacion-inicial","status":"publish","type":"product","link":"https:\/\/academiabrujalunar.com\/index.php\/producto\/practicas-magicas-y-herbalismo-formacion-inicial\/","title":{"rendered":"Pr\u00e1cticas m\u00e1gicas y herbalismo &#8211; Formaci\u00f3n inicial"},"content":{"rendered":"<p><em><span style=\"font-weight: 400;\"><strong>Presentaci\u00f3n<\/strong> <\/span><\/em><\/p>\n<p><span style=\"font-weight: 400;\">Esta formaci\u00f3n re\u00fane todos los conocimientos b\u00e1sicos y se adentra en conocimientos de grado medio necesarios para tu desarrollo en el camino m\u00e1gico. Si siempre te gusto este mundo pero est\u00e1s dando tus primeros pasos en el, ac\u00e1 encontrar\u00e1s toda las informaci\u00f3n que necesitas. <\/span><span style=\"font-weight: 400;\"><br \/>\n<\/span><span style=\"font-weight: 400;\"><br \/>\n<\/span><span style=\"font-weight: 400;\">Durante esta formaci\u00f3n:<\/span><\/p>\n<ul>\n<li style=\"font-weight: 400;\" aria-level=\"1\"><span style=\"font-weight: 400;\">A traves de contenido te\u00f3rico pero tambi\u00e9n pr\u00e1ctico podr\u00e1s ver el mundo con una mirada diferente y comenzar a transformar tu realidad.<\/span><\/li>\n<li style=\"font-weight: 400;\" aria-level=\"1\"><span style=\"font-weight: 400;\">Comprender\u00e1s c\u00f3mo se mueve la energ\u00eda, que tener en cuenta para mantenerte equilibrada, protegida y poder incrementar tus vibraciones energ\u00e9ticas.\u00a0<\/span><\/li>\n<\/ul>\n<p><span style=\"font-weight: 400;\">\ud83d\udcccAdem\u00e1s te invito a trabajar tu poder personal, tu intuici\u00f3n y la conexi\u00f3n con la sabidur\u00eda ancestral.<\/span><\/p>\n<p><em><strong>Modalidad<\/strong><\/em><\/p>\n<p><span style=\"font-weight: 400;\">Si bien la formaci\u00f3n es online, busco que la experiencia sea lo m\u00e1s cercana a una formaci\u00f3n presencial. Algo que me caracteriza es la disponibilidad para resolver cualquier duda o inquietud.<\/span><\/p>\n<p><span style=\"font-weight: 400;\">La duraci\u00f3n es de 4 semanas! Se entrega certificado al finalizar!<\/span><span style=\"font-weight: 400;\"><br \/>\n<\/span><span style=\"font-weight: 400;\">Incluye:<\/span><\/p>\n<ul>\n<li style=\"font-weight: 400;\" aria-level=\"1\"><span style=\"font-weight: 400;\">Material te\u00f3rico PDF<\/span><\/li>\n<li style=\"font-weight: 400;\" aria-level=\"1\"><span style=\"font-weight: 400;\">V\u00eddeo clases pregrabadas todas las semanas<\/span><\/li>\n<li style=\"font-weight: 400;\" aria-level=\"1\"><span style=\"font-weight: 400;\">2 encuentros en vivo, a trav\u00e9s de GoogleMeet.<\/span><\/li>\n<li style=\"font-weight: 400;\" aria-level=\"1\"><span style=\"font-weight: 400;\">Meditaciones en archivo mp3\u00a0<\/span><\/li>\n<li style=\"font-weight: 400;\" aria-level=\"1\"><span style=\"font-weight: 400;\">Grupo de apoyo y consulta a trav\u00e9s de Whatsapp y Facebook.<\/span><\/li>\n<\/ul>\n<p><span style=\"font-weight: 400;\">\ud83d\udccc El material se sube al grupo de estudio de forma semanal y queda disponible para que puedas verlo y descargarlo seg\u00fan tus tiempos. <\/span><span style=\"font-weight: 400;\"><br \/>\n<\/span><span style=\"font-weight: 400;\">\ud83d\udcccEl material es abundante aconsejo no atrasarse mucho en la revisi\u00f3n del mismo!!! <\/span><\/p>\n<p><em><strong>Temario\u00a0<\/strong><\/em><\/p>\n<p><b><i>M\u00f3dulo 1<\/i><\/b><b><i>\u00a0<\/i><\/b><\/p>\n<p><span style=\"font-weight: 400;\">-Introducci\u00f3n sobre magia y espiritualidad<\/span><span style=\"font-weight: 400;\"><br \/>\n<\/span><span style=\"font-weight: 400;\">-Trabajo personal<\/span><span style=\"font-weight: 400;\"><br \/>\n<\/span><span style=\"font-weight: 400;\">-Altares y espacios sagrados<\/span><span style=\"font-weight: 400;\"><br \/>\n<\/span><span style=\"font-weight: 400;\">-Protecciones<\/span><\/p>\n<p><b><i>M\u00f3dulo 2<\/i><\/b><span style=\"font-weight: 400;\"><br \/>\n<\/span><span style=\"font-weight: 400;\"><br \/>\n<\/span><span style=\"font-weight: 400;\">-Trabajando con la energ\u00eda lunar <\/span><span style=\"font-weight: 400;\"><br \/>\n<\/span><span style=\"font-weight: 400;\">-Creencias del mundo celta<\/span><span style=\"font-weight: 400;\"><br \/>\n<\/span><span style=\"font-weight: 400;\">-Arquetipos energ\u00e9ticos en la magia<\/span><span style=\"font-weight: 400;\"><br \/>\n<\/span><span style=\"font-weight: 400;\">-Herbalismo m\u00e1gico<\/span><\/p>\n<p><b><i>M\u00f3dulo 3<\/i><\/b><\/p>\n<p><span style=\"font-weight: 400;\">-Hierbas de cada elemento<\/span><span style=\"font-weight: 400;\"><br \/>\n<\/span><span style=\"font-weight: 400;\">-Magia de cocina<\/span><span style=\"font-weight: 400;\"><br \/>\n<\/span><span style=\"font-weight: 400;\">-Propuesta de pr\u00e1ctica m\u00e1gica<\/span><span style=\"font-weight: 400;\"><br \/>\n<\/span><span style=\"font-weight: 400;\">-Ingredientes para la alquimia<\/span><\/p>\n<p><b><i>M\u00f3dulo 4<\/i><\/b><\/p>\n<p><span style=\"font-weight: 400;\">-Uso de cristales<\/span><span style=\"font-weight: 400;\"><br \/>\n<\/span><span style=\"font-weight: 400;\">-Bases astrol\u00f3gicas para la magia<\/span><span style=\"font-weight: 400;\"><br \/>\n<\/span><span style=\"font-weight: 400;\">-Velas unciones, significados<\/span><span style=\"font-weight: 400;\"><br \/>\n<\/span><span style=\"font-weight: 400;\">-Consagraciones<\/span><span style=\"font-weight: 400;\"><br \/>\n<\/span><span style=\"font-weight: 400;\">-Propuesta de autoiniciaci\u00f3n<\/span><\/p>\n<!-- AddThis Advanced Settings generic via filter on the_content --><!-- AddThis Share Buttons generic via filter on the_content -->","protected":false},"excerpt":{"rendered":"<p>Presentaci\u00f3n Esta formaci\u00f3n re\u00fane todos los conocimientos b\u00e1sicos y se adentra en conocimientos de grado medio necesarios para tu desarrollo en el camino m\u00e1gico. Si siempre te gusto este mundo pero est\u00e1s dando tus primeros pasos en el, ac\u00e1 encontrar\u00e1s toda las informaci\u00f3n que necesitas. Durante esta formaci\u00f3n: A traves de contenido te\u00f3rico pero tambi\u00e9n [&hellip;]<!-- AddThis Advanced Settings generic via filter on get_the_excerpt --><!-- AddThis Share Buttons generic via filter on get_the_excerpt --><\/p>\n","protected":false},"featured_media":824,"comment_status":"open","ping_status":"closed","template":"","meta":{"om_disable_all_campaigns":false,"_mi_skip_tracking":false,"spay_email":"","jetpack_publicize_message":"","jetpack_is_tweetstorm":false,"jetpack_publicize_feature_enabled":true},"product_cat":[58],"product_tag":[],"class_list":["post-823","product","type-product","status-publish","has-post-thumbnail","hentry","product_cat-cursos"],"_links":{"self":[{"href":"https:\/\/academiabrujalunar.com\/index.php\/wp-json\/wp\/v2\/product\/823","targetHints":{"allow":["GET"]}}],"collection":[{"href":"https:\/\/academiabrujalunar.com\/index.php\/wp-json\/wp\/v2\/product"}],"about":[{"href":"https:\/\/academiabrujalunar.com\/index.php\/wp-json\/wp\/v2\/types\/product"}],"replies":[{"embeddable":true,"href":"https:\/\/academiabrujalunar.com\/index.php\/wp-json\/wp\/v2\/comments?post=823"}],"wp:featuredmedia":[{"embeddable":true,"href":"https:\/\/academiabrujalunar.com\/index.php\/wp-json\/wp\/v2\/media\/824"}],"wp:attachment":[{"href":"https:\/\/academiabrujalunar.com\/index.php\/wp-json\/wp\/v2\/media?parent=823"}],"wp:term":[{"taxonomy":"product_cat","embeddable":true,"href":"https:\/\/academiabrujalunar.com\/index.php\/wp-json\/wp\/v2\/product_cat?post=823"},{"taxonomy":"product_tag","embeddable":true,"href":"https:\/\/academiabrujalunar.com\/index.php\/wp-json\/wp\/v2\/product_tag?post=823"}],"curies":[{"name":"wp","href":"https:\/\/api.w.org\/{rel}","templated":true}]}}